{"id":4008,"date":"2025-04-09T15:38:34","date_gmt":"2025-04-09T15:38:34","guid":{"rendered":"https:\/\/sstechs247.com\/hausin\/?page_id=4008"},"modified":"2025-04-09T15:39:14","modified_gmt":"2025-04-09T15:39:14","slug":"hag-sondermodelle-zollibolli","status":"publish","type":"page","link":"https:\/\/sstechs247.com\/hausin\/hag-sondermodelle-zollibolli\/","title":{"rendered":"HAG Sondermodelle Zollibolli"},"content":{"rendered":"\t\t<div data-elementor-type=\"wp-page\" data-elementor-id=\"4008\" class=\"elementor elementor-4008\">\n\t\t\t\t<div class=\"elementor-element elementor-element-5253433 e-flex e-con-boxed wpr-particle-no wpr-jarallax-no wpr-parallax-no wpr-sticky-section-no wpr-equal-height-no e-con e-parent\" data-id=\"5253433\" data-element_type=\"container\" data-e-type=\"container\" data-settings=\"{&quot;background_background&quot;:&quot;classic&quot;}\">\n\t\t\t\t\t<div class=\"e-con-inner\">\n\t\t<div class=\"elementor-element elementor-element-b3ad8bc e-con-full e-flex wpr-particle-no wpr-jarallax-no wpr-parallax-no wpr-sticky-section-no wpr-equal-height-no e-con e-child\" data-id=\"b3ad8bc\" data-element_type=\"container\" data-e-type=\"container\">\n\t\t\t\t<div class=\"elementor-element elementor-element-04e3b45 elementor-widget elementor-widget-heading\" data-id=\"04e3b45\" data-element_type=\"widget\" data-e-type=\"widget\" data-widget_type=\"heading.default\">\n\t\t\t\t<div class=\"elementor-widget-container\">\n\t\t\t\t\t<h1 class=\"elementor-heading-title elementor-size-default\">HAG Sondermodelle von Zollibolli<\/h1>\t\t\t\t<\/div>\n\t\t\t\t<\/div>\n\t\t\t\t<\/div>\n\t\t\t\t\t<\/div>\n\t\t\t\t<\/div>\n\t\t<div class=\"elementor-element elementor-element-feb1ed7 e-flex e-con-boxed wpr-particle-no wpr-jarallax-no wpr-parallax-no wpr-sticky-section-no wpr-equal-height-no e-con e-parent\" data-id=\"feb1ed7\" data-element_type=\"container\" data-e-type=\"container\">\n\t\t\t\t\t<div class=\"e-con-inner\">\n\t\t<div class=\"elementor-element elementor-element-1779df7 e-con-full e-flex wpr-particle-no wpr-jarallax-no wpr-parallax-no wpr-sticky-section-no wpr-equal-height-no e-con e-child\" data-id=\"1779df7\" data-element_type=\"container\" data-e-type=\"container\">\n\t\t<div class=\"elementor-element elementor-element-dcf64c6 e-con-full e-flex wpr-particle-no wpr-jarallax-no wpr-parallax-no wpr-sticky-section-no wpr-equal-height-no e-con e-child\" data-id=\"dcf64c6\" data-element_type=\"container\" data-e-type=\"container\">\n\t\t<div class=\"elementor-element elementor-element-8d84bc8 e-con-full e-flex wpr-particle-no wpr-jarallax-no wpr-parallax-no wpr-sticky-section-no wpr-equal-height-no e-con e-child\" data-id=\"8d84bc8\" data-element_type=\"container\" data-e-type=\"container\">\n\t\t\t\t<div class=\"elementor-element elementor-element-d9cd397 elementor-widget elementor-widget-text-editor\" data-id=\"d9cd397\" data-element_type=\"widget\" data-e-type=\"widget\" data-widget_type=\"text-editor.default\">\n\t\t\t\t<div class=\"elementor-widget-container\">\n\t\t\t\t\t\t\t\t\t<p class=\"style1 style4\">Zollibolli, d.h. der ausgesprochen initiative Verantwortliche Markus Eugster, ist \u00f6fters mal gut f\u00fcr Sondermodelle &#8211; und zwar ausnahmslos immer sehr sch\u00f6ne Modelle!<\/p><p class=\"style1 style4\">So stammen diverse Loks in der Hausin-Sammlung aus der &#8220;K\u00fcche&#8221; von Zollibolli. Aufzuf\u00fchren w\u00e4ren da:<\/p><p class=\"style1 style4\">Die Re 6\/6 Eglisau blau (Februar 2008), Nummer 20 010-31 (initiiert durch Ch. Lanker \/ R. Tanner)<\/p><p class=\"style1 style4\" align=\"center\"><img fetchpriority=\"high\" decoding=\"async\" src=\"https:\/\/hausin.com\/roland\/images\/H0%20full\/Hag%2020010%20Re%2066%20blau.JPG\" width=\"800\" height=\"301\" \/><\/p><p class=\"style1 style4\">Die Re 6\/6 TEE (2006),\u00a0<a href=\"http:\/\/trains.wipertech.ch\/Trains\/Details\/1521?setRefferrerUrl=False\">Nummer 205.18<\/a>, wurde in einer Auflage von 10 St\u00fcck produziert.<\/p><p class=\"style1 style4\" align=\"center\"><img decoding=\"async\" src=\"https:\/\/hausin.com\/roland\/images\/H0%20full\/Hag%20205%20Re%2066%20TEE.jpg\" width=\"800\" height=\"331\" \/><\/p><p class=\"style1 style4\">Die Re 6\/6 TEE (Februar 2008),\u00a0<a href=\"http:\/\/trains.wipertech.ch\/Trains\/Details\/271?sortField=HAGModellNummerAlt&amp;lastSortDirection=asc&amp;criteriaBeschreibung=zollibolli\">Nummer 20041-31<\/a>, wurde in einer Auflage von ca. 15 St\u00fcck produziert.<\/p><p class=\"style1 style4\" align=\"center\"><img decoding=\"async\" src=\"https:\/\/hausin.com\/roland\/images\/H0%20full\/800\/HAG%2020041%20Re%206-6%20TEE.JPG\" width=\"800\" height=\"326\" \/><\/p><p class=\"style1 style4\">Die Re 4\/4 II glanz-schwarz (siehe\u00a0<a href=\"https:\/\/hausin.com\/roland\/hag_black.htm\">auch Schwarze Serie<\/a>) &#8211; ein Highlight der bisherigen Modell-Produktion!<\/p><p class=\"style1 style4\" align=\"center\"><img loading=\"lazy\" decoding=\"async\" src=\"https:\/\/hausin.com\/roland\/images\/H0%20full\/Hag%2016500%20Re%2044%20schwarz.JPG\" width=\"800\" height=\"384\" \/><\/p><p class=\"style1 style4\">die ganze\u00a0<a href=\"https:\/\/hausin.com\/roland\/HAG_Rheingold.htm\">Rheingold<\/a>\u00a0Serie (stellvertretend hier die Re 460), jeweils immer das Exemplar Nr. 6 befindet sich in der Hausin Sammlung.<\/p><p class=\"style1 style4\" align=\"center\"><img loading=\"lazy\" decoding=\"async\" src=\"https:\/\/hausin.com\/roland\/images\/H0%20full\/Hag%20280%20Re%20460%20Rheingold.jpg\" width=\"890\" height=\"353\" \/><\/p><p class=\"style1 style4\">Re 460 Cargo (Nummer 28 202-31), Auflage 20 St\u00fcck WS plus 5 GS, ausgeliefert Juni 2007. Dies ist Exemplar Nr. 6 (der spezielle Dank gilt AG):<\/p><p class=\"style1 style4\" align=\"center\"><img loading=\"lazy\" decoding=\"async\" src=\"https:\/\/hausin.com\/roland\/images\/H0%20full\/Hag%20280%20Re%20460%20Cargo%20rb.jpg\" width=\"800\" height=\"295\" \/><\/p><p class=\"style1 style4\">Am 5. Dezember 2008 wurde ein absolutes Highlight &#8211; die glanzschwarze Re 460 mit weissem SBB Pleitegeier &#8211; ausgeliefert. Auch dies war eine Serie von 20 St\u00fcck und auch hier befindet sich Exemplar Nr. 6 in der Hausin Sammlung (einmal mehr gilt auch hier der spezielle Dank an RT).<\/p><p class=\"style1 style4\" align=\"center\"><img loading=\"lazy\" decoding=\"async\" src=\"https:\/\/hausin.com\/roland\/images\/H0%20full\/Hag%20280%20Re%20460%20ZolliBolli.jpg\" width=\"800\" height=\"293\" \/><\/p><p class=\"style1 style4\" align=\"left\">Als kleiner Gag &#8211; die \u00dcberraschung war wirklich gelungen &#8211; lag ein Paar weisse Handschuhe der Verpackung bei:<\/p><p class=\"style1 style4\" align=\"center\"><img loading=\"lazy\" decoding=\"async\" src=\"https:\/\/hausin.com\/roland\/images\/H0%20full\/Zollibolli_Re460_Handschuhe.jpg\" width=\"400\" height=\"291\" \/><\/p><p class=\"style1 style4\">Am 10. November 2009 wurde die Ae 610 St.Gallen (Nummer 11 100-31) in der Dispo-Bemalung ausgeliefert. Es wurde eine Serie von 20 Exemplaren (15 WS, 5 GS) hergestellt. In der Hausin-Sammlung befindet sich Nummer 6\/20 &#8230;.<\/p><p class=\"style5\" align=\"center\"><img loading=\"lazy\" decoding=\"async\" src=\"https:\/\/hausin.com\/roland\/images\/H0%20full\/Hag%20124%20Ae%2066%20Dispo.jpg\" width=\"800\" height=\"314\" \/><\/p><p class=\"style5\" align=\"left\">Dazu kam am 5.12.2009 die Re 620. Hier das Exemplar 6\/20:<\/p><p class=\"style5\" align=\"center\"><img loading=\"lazy\" decoding=\"async\" src=\"https:\/\/hausin.com\/roland\/images\/H0%20full\/Hag%20203%20Re%20620%20Dispo.jpg\" width=\"800\" height=\"317\" \/><\/p><p class=\"style5\">Als kleiner Gag wurde &#8211; analog zur schwarzen Re 460 mit dem weissen Paar Handschuhe &#8211; hier ein Paar schwarze Handschuhe mitgeliefert.<\/p><p class=\"style5\" align=\"center\"><img loading=\"lazy\" decoding=\"async\" src=\"https:\/\/hausin.com\/roland\/images\/H0%20full\/Hag%20124%20Ae%2066%20Dispo-2.jpg\" width=\"400\" height=\"207\" \/><\/p><p class=\"style5\" align=\"left\">Am 26.1.10 wurde das n\u00e4chste Exemplar der Dispo-Serie &#8211; die Re 460 &#8211; angeboten. Wiederum ein sehr sch\u00f6nes Modell und wiederum mit einem Paar schwarzer Handschuhe. Auch hier wiederum das Exemplar 6\/20:<\/p><p class=\"style5\" align=\"center\"><img loading=\"lazy\" decoding=\"async\" src=\"https:\/\/hausin.com\/roland\/images\/H0%20full\/Hag%20280%20Re%20460%20Dispo.jpg\" width=\"800\" height=\"302\" \/><\/p>\t\t\t\t\t\t\t\t<\/div>\n\t\t\t\t<\/div>\n\t\t\t\t<\/div>\n\t\t\t\t<\/div>\n\t\t\t\t<\/div>\n\t\t\t\t\t<\/div>\n\t\t\t\t<\/div>\n\t\t\t\t<\/div>\n\t\t","protected":false},"excerpt":{"rendered":"<p>HAG Sondermodelle von Zollibolli Zollibolli, d.h. der ausgesprochen initiative Verantwortliche Markus Eugster, ist \u00f6fters mal gut f\u00fcr Sondermodelle &#8211; und zwar ausnahmslos immer sehr sch\u00f6ne Modelle! So stammen diverse Loks<\/p>\n","protected":false},"author":1,"featured_media":0,"parent":0,"menu_order":0,"comment_status":"closed","ping_status":"closed","template":"elementor_header_footer","meta":{"breadcrumbs_single_post":"","page_title_panel":"","breadcrumbs_single_page":"","single_page_alignment":"","single_page_margin":"","page_structure_type":"","content_style_source":"","content_style":"","blog_post_streched_ed":"","blog_page_streched_ed":"","has_transparent_header":"","disable_transparent_header":"","vertical_spacing_source":"","content_area_spacing":"","single_post_content_background":"","single_page_content_background":"","single_post_boxed_content_spacing":"","single_page_boxed_content_spacing":"","single_post_content_boxed_radius":"","single_page_content_boxed_radius":"","disable_featured_image":"","disable_post_tags":"","disable_author_box":"","disable_posts_navigation":"","disable_comments":"","disable_related_posts":"","disable_header":"","disable_footer":"","footnotes":""},"class_list":["post-4008","page","type-page","status-publish","hentry","rishi-post","no-post-thumbnail"],"_links":{"self":[{"href":"https:\/\/sstechs247.com\/hausin\/wp-json\/wp\/v2\/pages\/4008","targetHints":{"allow":["GET"]}}],"collection":[{"href":"https:\/\/sstechs247.com\/hausin\/wp-json\/wp\/v2\/pages"}],"about":[{"href":"https:\/\/sstechs247.com\/hausin\/wp-json\/wp\/v2\/types\/page"}],"author":[{"embeddable":true,"href":"https:\/\/sstechs247.com\/hausin\/wp-json\/wp\/v2\/users\/1"}],"replies":[{"embeddable":true,"href":"https:\/\/sstechs247.com\/hausin\/wp-json\/wp\/v2\/comments?post=4008"}],"version-history":[{"count":4,"href":"https:\/\/sstechs247.com\/hausin\/wp-json\/wp\/v2\/pages\/4008\/revisions"}],"predecessor-version":[{"id":4012,"href":"https:\/\/sstechs247.com\/hausin\/wp-json\/wp\/v2\/pages\/4008\/revisions\/4012"}],"wp:attachment":[{"href":"https:\/\/sstechs247.com\/hausin\/wp-json\/wp\/v2\/media?parent=4008"}],"curies":[{"name":"wp","href":"https:\/\/api.w.org\/{rel}","templated":true}]}}