{"id":4003,"date":"2025-04-09T15:37:28","date_gmt":"2025-04-09T15:37:28","guid":{"rendered":"https:\/\/sstechs247.com\/hausin\/?page_id=4003"},"modified":"2025-04-09T15:38:17","modified_gmt":"2025-04-09T15:38:17","slug":"hag-sondermodelle-hag-reisen","status":"publish","type":"page","link":"https:\/\/sstechs247.com\/hausin\/hag-sondermodelle-hag-reisen\/","title":{"rendered":"HAG Sondermodelle HAG-Reisen"},"content":{"rendered":"\t\t<div data-elementor-type=\"wp-page\" data-elementor-id=\"4003\" class=\"elementor elementor-4003\">\n\t\t\t\t<div class=\"elementor-element elementor-element-5253433 e-flex e-con-boxed wpr-particle-no wpr-jarallax-no wpr-parallax-no wpr-sticky-section-no wpr-equal-height-no e-con e-parent\" data-id=\"5253433\" data-element_type=\"container\" data-e-type=\"container\" data-settings=\"{&quot;background_background&quot;:&quot;classic&quot;}\">\n\t\t\t\t\t<div class=\"e-con-inner\">\n\t\t<div class=\"elementor-element elementor-element-b3ad8bc e-con-full e-flex wpr-particle-no wpr-jarallax-no wpr-parallax-no wpr-sticky-section-no wpr-equal-height-no e-con e-child\" data-id=\"b3ad8bc\" data-element_type=\"container\" data-e-type=\"container\">\n\t\t\t\t<div class=\"elementor-element elementor-element-04e3b45 elementor-widget elementor-widget-heading\" data-id=\"04e3b45\" data-element_type=\"widget\" data-e-type=\"widget\" data-widget_type=\"heading.default\">\n\t\t\t\t<div class=\"elementor-widget-container\">\n\t\t\t\t\t<h1 class=\"elementor-heading-title elementor-size-default\">Sondermodelle HAG-Reisen<\/h1>\t\t\t\t<\/div>\n\t\t\t\t<\/div>\n\t\t\t\t<\/div>\n\t\t\t\t\t<\/div>\n\t\t\t\t<\/div>\n\t\t<div class=\"elementor-element elementor-element-feb1ed7 e-flex e-con-boxed wpr-particle-no wpr-jarallax-no wpr-parallax-no wpr-sticky-section-no wpr-equal-height-no e-con e-parent\" data-id=\"feb1ed7\" data-element_type=\"container\" data-e-type=\"container\">\n\t\t\t\t\t<div class=\"e-con-inner\">\n\t\t<div class=\"elementor-element elementor-element-1779df7 e-con-full e-flex wpr-particle-no wpr-jarallax-no wpr-parallax-no wpr-sticky-section-no wpr-equal-height-no e-con e-child\" data-id=\"1779df7\" data-element_type=\"container\" data-e-type=\"container\">\n\t\t<div class=\"elementor-element elementor-element-dcf64c6 e-con-full e-flex wpr-particle-no wpr-jarallax-no wpr-parallax-no wpr-sticky-section-no wpr-equal-height-no e-con e-child\" data-id=\"dcf64c6\" data-element_type=\"container\" data-e-type=\"container\">\n\t\t<div class=\"elementor-element elementor-element-8d84bc8 e-con-full e-flex wpr-particle-no wpr-jarallax-no wpr-parallax-no wpr-sticky-section-no wpr-equal-height-no e-con e-child\" data-id=\"8d84bc8\" data-element_type=\"container\" data-e-type=\"container\">\n\t\t\t\t<div class=\"elementor-element elementor-element-d9cd397 elementor-widget elementor-widget-text-editor\" data-id=\"d9cd397\" data-element_type=\"widget\" data-e-type=\"widget\" data-widget_type=\"text-editor.default\">\n\t\t\t\t<div class=\"elementor-widget-container\">\n\t\t\t\t\t\t\t\t\t<p class=\"style1 style4\">Die Initianten von\u00a0<a href=\"http:\/\/www.hag-reisen.ch\/\">HAG-Reisen<\/a>\u00a0(ein absolut empfehlenswerter Link f\u00fcr Bahnfreunde!) &#8211; Walter Osterwalder und Peter Rosskopf &#8211; veranstalten mit einer stetig wachsenden Teilnehmerschar aus dem In- und Ausland j\u00e4hrlich 1-2 Bahn-Reisen, mal in einer exklusiven Sonderkompositionen, mal in Oltimer-Fahrzeugen.<\/p><p class=\"style1 style4\">In Zusammenarbeit mit HAG resultiert dann jeweils auch ein Sondermodell in Form einer neuen Lokvariante und\/oder einem Wagen. In der Hausin-Sammlung befinden sich auch bereits einige HAG-Reisen Modelle, so die:<\/p><p class=\"style1 style4\">Re 460\u00a0<a href=\"https:\/\/hausin.com\/roland\/Hag_Re_460_Rossi.htm\">Die Sch\u00f6ne Schweizerin<\/a>\u00a0&#8211; ein absolutes Prachtsmodell &#8211; wurde realisiert und am 23.12.2006 ausgeliefert<\/p><p class=\"style1 style4\" align=\"center\"><img fetchpriority=\"high\" decoding=\"async\" src=\"https:\/\/hausin.com\/roland\/images\/H0%20full\/Hag%20280%20Re%20460%20gruen.jpg\" width=\"840\" height=\"337\" \/><\/p><p class=\"style1 style4\" align=\"left\">Nebst der obigen Nummer 6 von 50 fand auch die Nr. 20 von 50 &#8211; als Unikat der Serie (ohne Pleitegeier und mit silbernem Dach) den Weg in die Hausin-Sammlung<\/p><p class=\"style1 style4\" align=\"center\"><img decoding=\"async\" src=\"https:\/\/hausin.com\/roland\/images\/H0%20full\/Hag%20280%20Re%20460%20Schweizerin%202.jpg\" width=\"800\" height=\"309\" \/><\/p><p class=\"style1 style4\" align=\"center\">\u00a0<\/p><p class=\"style1 style4\">Die Re 460 Swiss Express wurde am 17.5.2008 ausgeliefert, in zwei Versionen (mit und ohne &#8220;Brille&#8221;):<\/p><p class=\"style1 style4\" align=\"center\"><img decoding=\"async\" src=\"https:\/\/hausin.com\/roland\/images\/H0%20full\/Hag-Reisen%2028213%20Swiss%20Express.jpg\" width=\"800\" height=\"294\" \/><\/p><p class=\"style1 style4\">\u00a0<\/p><p class=\"style1 style4\">Die beiden Re 460 Northlander 1954 und 1965 folgten im M\u00e4rz 2009<\/p><p class=\"style1 style4\" align=\"center\"><img loading=\"lazy\" decoding=\"async\" src=\"https:\/\/hausin.com\/roland\/images\/H0%20full\/Hag-Reisen%2028223%20Northlander%201954.jpg\" width=\"800\" height=\"302\" \/><\/p><p class=\"style1 style4\" align=\"center\"><img loading=\"lazy\" decoding=\"async\" src=\"https:\/\/hausin.com\/roland\/images\/H0%20full\/Hag-Reisen%2028224%20Northlander%201965.jpg\" width=\"800\" height=\"303\" \/><\/p><p class=\"style1 style4\">Die Re 4\/4 I TEE von der\u00a0<a href=\"https:\/\/hausin.com\/roland\/Hag_Re_44I_TEE.htm\">Reise 18.6.2009 nach Yverdon\u00a0<\/a>(Hauptwerkst\u00e4tte der SBB) wird hier zwar aufgelistet, ist aber im Prinzip kein Sondermodell von HAG-Reisen. Die Lok wurde nur von HAG speziell f\u00fcr diesen Anlass mit dem HAG-Logo und dem Datum der Reise kreiert.<\/p><p class=\"style1 style4\" align=\"center\"><img loading=\"lazy\" decoding=\"async\" src=\"https:\/\/hausin.com\/roland\/images\/H0%20full\/800\/HAG%20230%20Re%2044%2010034%20TEE.jpg\" width=\"800\" height=\"383\" \/><\/p><p class=\"style1 style4\" align=\"left\">Dazu geh\u00f6rt auch der HAG-Reise 2009 Wagen.<\/p><p class=\"style1 style4\" align=\"center\"><img loading=\"lazy\" decoding=\"async\" src=\"https:\/\/hausin.com\/roland\/images\/Wagen\/1024\/Hag_Reise_2009_75044-1.jpg\" width=\"799\" height=\"206\" \/><\/p><p class=\"style1 style4\" align=\"center\"><img loading=\"lazy\" decoding=\"async\" src=\"https:\/\/hausin.com\/roland\/images\/Wagen\/1024\/Hag_Reise_2009_75044-2.jpg\" width=\"800\" height=\"214\" \/><\/p><p class=\"style1 style4\">Und im Mai 2010 die beiden Re 460 mit den Teilnehmern der Reise mit &#8220;em F\u00f6\u00f6\u00f6fi&#8221; nach Appenzell. Aus diesem Anlass heraus entstand eine ganz spezielle Lok (in zwei Varianten). Einmal mehr: es befinden sich die beiden Loks Nummern 6\/30 in der Hausin-Sammlung.<\/p><p class=\"style1 style4\" align=\"center\"><img loading=\"lazy\" decoding=\"async\" src=\"https:\/\/hausin.com\/roland\/images\/H0%20full\/Hag%20280%20Re%20460%20Hag-Reisen%20weiss2.jpg\" alt=\"\" width=\"800\" height=\"299\" \/><br \/><br \/><img loading=\"lazy\" decoding=\"async\" src=\"https:\/\/hausin.com\/roland\/images\/H0%20full\/Hag%20280%20Re%20460%20Hag-Reisen%20weiss1.jpg\" width=\"800\" height=\"309\" \/><\/p><p class=\"style1 style4\" align=\"left\">Mitgeliefert wird nebst den \u00fcblichen HAG-Dokumenten ein Zertifikat:<\/p><p class=\"style1 style4\" align=\"center\"><img loading=\"lazy\" decoding=\"async\" src=\"https:\/\/hausin.com\/roland\/images\/H0%20full\/Hag%20280%20Re%20460%20Hag-Reisen%20Zertifikat.jpg\" width=\"600\" height=\"838\" \/><\/p><p class=\"style1 style4\" align=\"left\">Auf der R\u00fcckseite befindet sich die Namensliste der abgebildeten Personen:<\/p><p class=\"style1 style4\" align=\"center\"><img loading=\"lazy\" decoding=\"async\" src=\"https:\/\/hausin.com\/roland\/images\/H0%20full\/Hag%20280%20Re%20460%20Hag-Reisen%20Namen.jpg\" width=\"800\" height=\"572\" \/><\/p><p class=\"style1 style4\" align=\"left\">Dies ist g\u00fcltig f\u00fcr &#8211; von der Grundfarbe abgesehen &#8211; beide identischen Loks:<\/p><p class=\"style1 style4\" align=\"center\"><img loading=\"lazy\" decoding=\"async\" src=\"https:\/\/hausin.com\/roland\/images\/H0%20full\/Hag%20280%20Re%20460%20Hag-Reisen%20blau2.jpg\" width=\"800\" height=\"306\" \/><\/p><p class=\"style1 style4\" align=\"center\"><img loading=\"lazy\" decoding=\"async\" src=\"https:\/\/hausin.com\/roland\/images\/H0%20full\/Hag%20280%20Re%20460%20Hag-Reisen%20blau1.jpg\" alt=\"\" width=\"800\" height=\"319\" \/><\/p><p class=\"style1 style4\" align=\"left\">Im Mai 2011 folgte der n\u00e4chste Streich, eine TEE Fantasiebemalung. Die erste Serie umfasste 50 St\u00fcck, die 2. Serie 40:<\/p><p class=\"style1 style4\" align=\"center\"><img loading=\"lazy\" decoding=\"async\" src=\"https:\/\/hausin.com\/roland\/images\/H0%20full\/800\/Hag%20280%20Re%20460%20HR%20TEE%20symm.JPG\" width=\"800\" height=\"370\" \/><\/p><p class=\"style1 style4\" align=\"center\"><img loading=\"lazy\" decoding=\"async\" src=\"https:\/\/hausin.com\/roland\/images\/H0%20full\/800\/Hag%20280%20Re%20460%20HR%20TEE%20asymm.JPG\" width=\"800\" height=\"400\" \/><\/p><p class=\"style1 style4\">Im Mai 2012 folgte der n\u00e4chste ausgesprochen gelungene Streich (Gratulation and Walter und Peter &#8211; das ist wohl eine der sch\u00f6nsten Motivloks \u00fcberhaupt!), eine Re 460 Fantasiebemalung mit unterschiedlichen Motiven auf der Seite. Die Serie umfasste 60 St\u00fcck, es befindet sich Nr. 6 in der Sammlung:<\/p><p class=\"style1 style4\" align=\"center\"><img loading=\"lazy\" decoding=\"async\" src=\"https:\/\/hausin.com\/roland\/images\/H0%20full\/800\/Hag%2028257%20Re%20460%20Hag%20Reisen%202012a1.JPG\" width=\"800\" height=\"356\" \/><\/p><p class=\"style1 style4\" align=\"center\"><img loading=\"lazy\" decoding=\"async\" src=\"https:\/\/hausin.com\/roland\/images\/H0%20full\/800\/Hag%2028257%20Re%20460%20Hag%20Reisen%202012b1.JPG\" width=\"800\" height=\"348\" \/><\/p><p class=\"style1 style4\" align=\"center\"><img loading=\"lazy\" decoding=\"async\" src=\"https:\/\/hausin.com\/roland\/images\/H0%20full\/Zertifikat%20Re%20460%20Hag-Reisen%20II.jpg\" width=\"600\" height=\"848\" \/><\/p><p class=\"style1 style4\">F\u00fcr die HAG-Reisen Reise 2013 waren 2 Versionen der sogenannten &#8220;Looping-Lok&#8221; geplant, die erstmals bei HAG GmbH in Stansstad bedruckt werden sollte. Aufgrund von Differenzen wurde das Projekt beerdigt und die Lok ist nicht in den Verkauf gelangt. Trotzdem haben zwei Prototypen den Weg in die Hausin Sammlung gefunden. Abgebildet ist von jeder Lok die eine Seite (Design ist bei beiden Loks identisch mit zwei unterschiedlichen Seiten).<\/p><p class=\"style1 style4\" align=\"center\"><img loading=\"lazy\" decoding=\"async\" src=\"https:\/\/hausin.com\/roland\/images\/H0%20full\/800\/HAG%2028263%20Re%20460%20HAG%20Reisen%202013%202.JPG\" width=\"800\" height=\"327\" \/><\/p><p class=\"style1 style4\" align=\"center\"><img loading=\"lazy\" decoding=\"async\" src=\"https:\/\/hausin.com\/roland\/images\/H0%20full\/800\/HAG%2028262%20Re%20460%20HAG%20Reisen%202013%201.JPG\" width=\"800\" height=\"336\" \/><\/p><p class=\"style1 style4\" align=\"left\">Im 2019 konnte ganz zuf\u00e4llig und sicher nicht beabsichtigt (wer kauft denn schon Roco, wenn es HAG gibt ?) im Ricardo die Roco-Lok 10 Jahre HAG-Reisen ersteigert werden. Zuf\u00e4llig war das die urspr\u00fcnglich f\u00fcr Roland vorgesehene Nummer 6<\/p><p class=\"style1 style4\" align=\"center\"><img loading=\"lazy\" decoding=\"async\" src=\"https:\/\/hausin.com\/roland\/images\/H0%20full\/800\/Roco%2050342%20Re%20460%20HAG%20Reisen%2010%20Jahre.JPG\" width=\"800\" height=\"327\" \/><\/p><p class=\"style1 style4\" align=\"left\">Im gleichen Zug gelangte auch noch die 2. Roco-Lok &#8211; wiederum die urspr\u00fcnglich sogar f\u00fcr Roland vorgesehene Nr. 6 &#8211; in die Sammlung. Der Dank geb\u00fchrt Peter und Walter von HAG-Reisen. Nat\u00fcrlich ist das ein absoluter Anachronismus, HAG-Reisen und Roco-Lok. Das geht eigentlich gar nicht. Aber ehrlicherweise muss schon festgehalten werden: die Roco-Loks sind wirklich sch\u00f6n produziert worden.<\/p><p class=\"style1 style4\" align=\"center\"><img loading=\"lazy\" decoding=\"async\" src=\"https:\/\/hausin.com\/roland\/images\/H0%20full\/800\/Roco%2050348%20Re%20460%20HAG%20Reisen%20echt%20Schweiz.JPG\" width=\"800\" height=\"347\" \/><\/p>\t\t\t\t\t\t\t\t<\/div>\n\t\t\t\t<\/div>\n\t\t\t\t<\/div>\n\t\t\t\t<\/div>\n\t\t\t\t<\/div>\n\t\t\t\t\t<\/div>\n\t\t\t\t<\/div>\n\t\t\t\t<\/div>\n\t\t","protected":false},"excerpt":{"rendered":"<p>Sondermodelle HAG-Reisen Die Initianten von\u00a0HAG-Reisen\u00a0(ein absolut empfehlenswerter Link f\u00fcr Bahnfreunde!) &#8211; Walter Osterwalder und Peter Rosskopf &#8211; veranstalten mit einer stetig wachsenden Teilnehmerschar aus dem In- und Ausland j\u00e4hrlich 1-2<\/p>\n","protected":false},"author":1,"featured_media":0,"parent":0,"menu_order":0,"comment_status":"closed","ping_status":"closed","template":"elementor_header_footer","meta":{"breadcrumbs_single_post":"","page_title_panel":"","breadcrumbs_single_page":"","single_page_alignment":"","single_page_margin":"","page_structure_type":"","content_style_source":"","content_style":"","blog_post_streched_ed":"","blog_page_streched_ed":"","has_transparent_header":"","disable_transparent_header":"","vertical_spacing_source":"","content_area_spacing":"","single_post_content_background":"","single_page_content_background":"","single_post_boxed_content_spacing":"","single_page_boxed_content_spacing":"","single_post_content_boxed_radius":"","single_page_content_boxed_radius":"","disable_featured_image":"","disable_post_tags":"","disable_author_box":"","disable_posts_navigation":"","disable_comments":"","disable_related_posts":"","disable_header":"","disable_footer":"","footnotes":""},"class_list":["post-4003","page","type-page","status-publish","hentry","rishi-post","no-post-thumbnail"],"_links":{"self":[{"href":"https:\/\/sstechs247.com\/hausin\/wp-json\/wp\/v2\/pages\/4003","targetHints":{"allow":["GET"]}}],"collection":[{"href":"https:\/\/sstechs247.com\/hausin\/wp-json\/wp\/v2\/pages"}],"about":[{"href":"https:\/\/sstechs247.com\/hausin\/wp-json\/wp\/v2\/types\/page"}],"author":[{"embeddable":true,"href":"https:\/\/sstechs247.com\/hausin\/wp-json\/wp\/v2\/users\/1"}],"replies":[{"embeddable":true,"href":"https:\/\/sstechs247.com\/hausin\/wp-json\/wp\/v2\/comments?post=4003"}],"version-history":[{"count":4,"href":"https:\/\/sstechs247.com\/hausin\/wp-json\/wp\/v2\/pages\/4003\/revisions"}],"predecessor-version":[{"id":4007,"href":"https:\/\/sstechs247.com\/hausin\/wp-json\/wp\/v2\/pages\/4003\/revisions\/4007"}],"wp:attachment":[{"href":"https:\/\/sstechs247.com\/hausin\/wp-json\/wp\/v2\/media?parent=4003"}],"curies":[{"name":"wp","href":"https:\/\/api.w.org\/{rel}","templated":true}]}}