{"id":3998,"date":"2025-04-09T15:35:45","date_gmt":"2025-04-09T15:35:45","guid":{"rendered":"https:\/\/sstechs247.com\/hausin\/?page_id=3998"},"modified":"2025-04-09T15:36:29","modified_gmt":"2025-04-09T15:36:29","slug":"hag-sondermodelle-hag","status":"publish","type":"page","link":"https:\/\/sstechs247.com\/hausin\/hag-sondermodelle-hag\/","title":{"rendered":"HAG Sondermodelle HAG"},"content":{"rendered":"\t\t<div data-elementor-type=\"wp-page\" data-elementor-id=\"3998\" class=\"elementor elementor-3998\">\n\t\t\t\t<div class=\"elementor-element elementor-element-5253433 e-flex e-con-boxed wpr-particle-no wpr-jarallax-no wpr-parallax-no wpr-sticky-section-no wpr-equal-height-no e-con e-parent\" data-id=\"5253433\" data-element_type=\"container\" data-e-type=\"container\" data-settings=\"{&quot;background_background&quot;:&quot;classic&quot;}\">\n\t\t\t\t\t<div class=\"e-con-inner\">\n\t\t<div class=\"elementor-element elementor-element-b3ad8bc e-con-full e-flex wpr-particle-no wpr-jarallax-no wpr-parallax-no wpr-sticky-section-no wpr-equal-height-no e-con e-child\" data-id=\"b3ad8bc\" data-element_type=\"container\" data-e-type=\"container\">\n\t\t\t\t<div class=\"elementor-element elementor-element-04e3b45 elementor-widget elementor-widget-heading\" data-id=\"04e3b45\" data-element_type=\"widget\" data-e-type=\"widget\" data-widget_type=\"heading.default\">\n\t\t\t\t<div class=\"elementor-widget-container\">\n\t\t\t\t\t<h1 class=\"elementor-heading-title elementor-size-default\">HAG (eigene) Sondermodelle<\/h1>\t\t\t\t<\/div>\n\t\t\t\t<\/div>\n\t\t\t\t<\/div>\n\t\t\t\t\t<\/div>\n\t\t\t\t<\/div>\n\t\t<div class=\"elementor-element elementor-element-feb1ed7 e-flex e-con-boxed wpr-particle-no wpr-jarallax-no wpr-parallax-no wpr-sticky-section-no wpr-equal-height-no e-con e-parent\" data-id=\"feb1ed7\" data-element_type=\"container\" data-e-type=\"container\">\n\t\t\t\t\t<div class=\"e-con-inner\">\n\t\t<div class=\"elementor-element elementor-element-1779df7 e-con-full e-flex wpr-particle-no wpr-jarallax-no wpr-parallax-no wpr-sticky-section-no wpr-equal-height-no e-con e-child\" data-id=\"1779df7\" data-element_type=\"container\" data-e-type=\"container\">\n\t\t<div class=\"elementor-element elementor-element-dcf64c6 e-con-full e-flex wpr-particle-no wpr-jarallax-no wpr-parallax-no wpr-sticky-section-no wpr-equal-height-no e-con e-child\" data-id=\"dcf64c6\" data-element_type=\"container\" data-e-type=\"container\">\n\t\t<div class=\"elementor-element elementor-element-8d84bc8 e-con-full e-flex wpr-particle-no wpr-jarallax-no wpr-parallax-no wpr-sticky-section-no wpr-equal-height-no e-con e-child\" data-id=\"8d84bc8\" data-element_type=\"container\" data-e-type=\"container\">\n\t\t\t\t<div class=\"elementor-element elementor-element-d9cd397 elementor-widget elementor-widget-text-editor\" data-id=\"d9cd397\" data-element_type=\"widget\" data-e-type=\"widget\" data-widget_type=\"text-editor.default\">\n\t\t\t\t<div class=\"elementor-widget-container\">\n\t\t\t\t\t\t\t\t\t<p class=\"style1 style4\">Anl\u00e4sslich des\u00a0<strong>Weihnachtsverkaufs 2009<\/strong>\u00a0hat HAG die M\u00f6glichkeit geboten ein ganz spezielles Sondermodell &#8211; zum Anlass des 65. Jahr des Bestehens der Firma &#8211; vorzubestellen. Produziert wurde eine numerierte Auflage von 50 St\u00fcck. Mit etwas Gl\u00fcck war es auch hier m\u00f6glich der Sammlung die Lok Nummer 6 einzugliedern.<\/p><p class=\"style1 style4\" align=\"center\"><img fetchpriority=\"high\" decoding=\"async\" src=\"https:\/\/hausin.com\/roland\/images\/H0%20full\/Hag%20280%20Re%20460%2065%20Jahre%20Hag1.jpg\" width=\"800\" height=\"312\" \/><\/p><p class=\"style1 style4\" align=\"center\"><img decoding=\"async\" src=\"https:\/\/hausin.com\/roland\/images\/H0%20full\/Hag%20280%20Re%20460%2065%20Jahre%20Hag2.jpg\" width=\"800\" height=\"303\" \/><\/p><p class=\"style1 style4\" align=\"left\">Nebst dem Zertifikat wurde auch noch ein Messingschild beigelegt &#8211; eine absolut gute Idee!<\/p><p class=\"style1 style4\" align=\"center\"><img decoding=\"async\" src=\"https:\/\/hausin.com\/roland\/images\/H0%20full\/Hag%20280%20Re%20460%2065%20Jahre%20Zertifikat.jpg\" width=\"800\" height=\"488\" \/><\/p><p class=\"style1 style4\" align=\"center\"><img loading=\"lazy\" decoding=\"async\" src=\"https:\/\/hausin.com\/roland\/images\/H0%20full\/Hag%20280%20Re%20460%2065%20Jahre%20Gravur.jpg\" width=\"800\" height=\"73\" \/><\/p><p class=\"style1 style4\" align=\"center\"><img loading=\"lazy\" decoding=\"async\" src=\"https:\/\/hausin.com\/roland\/images\/H0%20full\/Hag%20280%20Re%20460%2065%20Jahre%20Beiblatt2.jpg\" width=\"800\" height=\"213\" \/><\/p><p class=\"style1 style4\" align=\"left\">Beim ersten Betrachten der Lok gab&#8217;s aber ein leichtes Erschrecken. denn an den F\u00fchrerst\u00e4nden waren die Jahreszahlen 1954 und 2009 aufgedruckt. Was soll denn das &#8211; das gibt ja nie und nimmer 65 Jahre? Die L\u00f6sung kam mit der 2. Seite, mit den Jahreszahlen 1944 und 1954. Im HAG-Forum wurde dann einen kurzen Moment dar\u00fcber ger\u00e4tselt und als L\u00f6sung konnte auf der HAG HomePage gefunden werden: 1944: Gr\u00fcndung der Firma, ab 1954 schrittweise Produktion und Erweiterung des H0 Sortimentes.<\/p><p class=\"style1 style4\" align=\"left\">\u00a0<\/p><p class=\"style1 style4\" align=\"left\">Am\u00a0<strong>Weihnachtsverkauf 2010<\/strong>\u00a0bot HAG zwei Re 4\/4 II Modelle in je einer 50-er Serie zum Kauf an. Es befinden sich jeweils die Nummer 6 in der Hausin-Sammlung. Die Modelle sind als Hommage an die seit 40 Jahren im Einsatz stehenden und in der gr\u00f6ssten Anzahl Exemplare gebauten Re 4\/4 II und III. Grafiker war Turi Seitz. Er hatte von HAG den Auftrag erhalten, die Weihnachtsloks so zu gestallten, dass von den zu viel produzierten, bereits fertigen Loks, solche umbedruckt werden konnten:<\/p><p class=\"style1 style4\" align=\"center\"><img loading=\"lazy\" decoding=\"async\" src=\"https:\/\/hausin.com\/roland\/images\/H0%20full\/Hag%2016507%20Re%2044%20II%20HWH2010.jpg\" width=\"800\" height=\"388\" \/><\/p><p class=\"style1 style4\" align=\"center\">\u00a0<\/p><p class=\"style1 style4\" align=\"center\"><img loading=\"lazy\" decoding=\"async\" src=\"https:\/\/hausin.com\/roland\/images\/H0%20full\/Hag%2016508%20Re%2044%20II%20HWH2010.jpg\" width=\"800\" height=\"392\" \/><\/p><p class=\"style1 style4\" align=\"left\">Am\u00a0<strong>Weihnachtsverkauf 2011<\/strong>\u00a0bot HAG zwei Re 436, wiederum je als numerierte 50-er Serie an. Dank tatkr\u00e4ftiger Mithilfe von Andi landeten wiederum beide Male Lok Nr. 6 in der Hausin Sammlung.<\/p><p class=\"style1 style4\" align=\"center\"><img loading=\"lazy\" decoding=\"async\" src=\"https:\/\/hausin.com\/roland\/images\/H0%20full\/800\/Hag%2016057%20Re%20436%20WV2011.JPG\" width=\"800\" height=\"415\" \/><\/p><p class=\"style1 style4\" align=\"center\">\u00a0<\/p><p class=\"style1 style4\" align=\"center\"><img loading=\"lazy\" decoding=\"async\" src=\"https:\/\/hausin.com\/roland\/images\/H0%20full\/800\/Hag%2016058%20Re%20436%20WV2011.JPG\" width=\"800\" height=\"414\" \/><\/p><p class=\"style1 style4\" align=\"center\">\u00a0<\/p><p class=\"style1 style4\" align=\"left\">HAG Stansstad gab auch Sondermodelle heraus. Diese wurden mit dem der Artikelnummer vorstehenden M- gekennzeichtet. Eigentlich bedeutet M- Farbmuster. Da w\u00e4re z.B. die schwarze MBC (nur 4 Exemplare) mit\u00a0<a href=\"http:\/\/trains.wipertech.ch\/Trains\/Details\/3612?page=3&amp;lastSortDirection=desc&amp;criteriaHAGModellNummer=m-16\">Artikelnummer M-16000<\/a>:<\/p><p class=\"style1 style4\" align=\"center\"><img loading=\"lazy\" decoding=\"async\" src=\"https:\/\/hausin.com\/roland\/images\/H0%20full\/800\/HAG%20M-16000%20Re%204-4%20MBC%20schwarz.JPG\" width=\"800\" height=\"418\" \/><\/p><p class=\"style1 style4\" align=\"left\">dann eine<a href=\"http:\/\/trains.wipertech.ch\/Trains\/Details\/1061?page=9&amp;lastSortDirection=desc&amp;criteriaHAGModellNummer=m-16\">\u00a0Re 460 Gold-Lok<\/a>\u00a0(5 Exemplare):<\/p><p class=\"style1 style4\" align=\"center\"><img loading=\"lazy\" decoding=\"async\" src=\"https:\/\/hausin.com\/roland\/images\/H0%20full\/800\/HAG%20M-28100%20Re%20460%20Gold.JPG\" width=\"800\" height=\"391\" \/><\/p><p class=\"style1 style4\" align=\"left\">eine weitere Goldlok, die HAG S-28308 Re 460 50 Jahre Laser Automation (nur 2 Exemplare):<\/p><p class=\"style1 style4\" align=\"center\"><img loading=\"lazy\" decoding=\"async\" src=\"https:\/\/hausin.com\/roland\/images\/H0%20full\/800\/HAG%20S-28308%20Re%20460%20Laser%20Automation%201.JPG\" width=\"800\" height=\"407\" \/><\/p><p class=\"style1 style4\" align=\"left\">Die HAG S-28311 Re 460 Rail Days 2019 Wettbewerb:<\/p><p class=\"style1 style4\" align=\"center\"><img loading=\"lazy\" decoding=\"async\" src=\"https:\/\/hausin.com\/roland\/images\/H0%20full\/800\/HAG%20S-28311%20Re%20460%20Wallis%20RailDays.jpg\" width=\"800\" height=\"397\" \/><\/p><p class=\"style1 style4\" align=\"center\">\u00a0<\/p><p class=\"style1 style4\" align=\"left\">eine\u00a0<a href=\"http:\/\/trains.wipertech.ch\/Trains\/Details\/3593?CriteriaFZTyp=Ae&amp;CriteriaBeschreibung=swiss\">HAG M-11100 Ae 6\/6 Nyon Swiss Express<\/a>\u00a0(8 Exemplare):<\/p><p class=\"style1 style4\" align=\"center\"><img loading=\"lazy\" decoding=\"async\" src=\"https:\/\/hausin.com\/roland\/images\/H0%20full\/800\/HAG%20M-11100%20Ae%206-6%20Nyon%20Swiss%20Express.JPG%20H1.jpg\" width=\"800\" height=\"335\" \/><\/p><p class=\"style1 style4\" align=\"left\">eine blaue\u00a0<a href=\"http:\/\/trains.wipertech.ch\/Trains\/Details\/3596?CriteriaBeschreibung=sargans\">HAG M-11100 Ae 6\/6 Sargans<\/a>\u00a0(5 Exemplare)<\/p><p class=\"style1 style4\" align=\"center\"><img loading=\"lazy\" decoding=\"async\" src=\"https:\/\/hausin.com\/roland\/images\/H0%20full\/800\/HAG%20M-11100%20Ae%206-6%20Sargans.JPG\" width=\"800\" height=\"391\" \/><\/p><p class=\"style1 style4\" align=\"left\">Weihnachten 2019, die Re 460 Hausin Family, Unikat, Design Roland Hausin (durch Turi Seitz optimiert)<\/p><p class=\"style1 style4\" align=\"center\"><a href=\"http:\/\/trains.wipertech.ch\/Trains\/Details\/3659?page=6&amp;lastSortDirection=asc&amp;criteriaHAGModellNummer=M-28100\"><img loading=\"lazy\" decoding=\"async\" src=\"https:\/\/hausin.com\/roland\/images\/H0%20full\/800\/HAG%20M-28100%20Re%20460%20Hausin1.JPG\" width=\"800\" height=\"366\" \/><\/a><\/p><p class=\"style1 style4\" align=\"left\"><a href=\"http:\/\/trains.wipertech.ch\/Trains\/Details\/3636?page=6&amp;lastSortDirection=asc&amp;criteriaHAGModellNummer=m-16\">Die Re 460 IVT (Sondermodell f\u00fcrs IVT (Eisenbahnlabor der ETH)<\/a>\u00a0&#8211; davon existieren nur 2 Exemplare<\/p><p class=\"style1 style4\" align=\"center\"><img loading=\"lazy\" decoding=\"async\" src=\"https:\/\/hausin.com\/roland\/images\/H0%20full\/800\/HAG%20M-28100%20Re%20460%20IVT.jpg\" width=\"800\" height=\"367\" \/><\/p><p class=\"style1 style4\" align=\"left\">Die Re 460 Bernina, nat\u00fcrlich Nr. 6\/35 Exemplaren<\/p><p class=\"style1 style4\" align=\"center\"><img loading=\"lazy\" decoding=\"async\" src=\"https:\/\/hausin.com\/roland\/images\/H0%20full\/800\/HAG%20S-28314%20Re%20460%20Bernina.JPG\" width=\"800\" height=\"342\" \/><\/p><p class=\"style1 style4\" align=\"left\">Eine sch\u00f6ne hellblaue Re 420 (Unikat)<\/p><p class=\"style1 style4\" align=\"center\"><img loading=\"lazy\" decoding=\"async\" src=\"https:\/\/hausin.com\/roland\/images\/H0%20full\/800\/HAG%2016234%20Re%20420%20blau%20Unikat.JPG\" width=\"800\" height=\"383\" \/><\/p>\t\t\t\t\t\t\t\t<\/div>\n\t\t\t\t<\/div>\n\t\t\t\t<\/div>\n\t\t\t\t<\/div>\n\t\t\t\t<\/div>\n\t\t\t\t\t<\/div>\n\t\t\t\t<\/div>\n\t\t\t\t<\/div>\n\t\t","protected":false},"excerpt":{"rendered":"<p>HAG (eigene) Sondermodelle Anl\u00e4sslich des\u00a0Weihnachtsverkaufs 2009\u00a0hat HAG die M\u00f6glichkeit geboten ein ganz spezielles Sondermodell &#8211; zum Anlass des 65. Jahr des Bestehens der Firma &#8211; vorzubestellen. Produziert wurde eine numerierte<\/p>\n","protected":false},"author":1,"featured_media":0,"parent":0,"menu_order":0,"comment_status":"closed","ping_status":"closed","template":"elementor_header_footer","meta":{"breadcrumbs_single_post":"","page_title_panel":"","breadcrumbs_single_page":"","single_page_alignment":"","single_page_margin":"","page_structure_type":"","content_style_source":"","content_style":"","blog_post_streched_ed":"","blog_page_streched_ed":"","has_transparent_header":"","disable_transparent_header":"","vertical_spacing_source":"","content_area_spacing":"","single_post_content_background":"","single_page_content_background":"","single_post_boxed_content_spacing":"","single_page_boxed_content_spacing":"","single_post_content_boxed_radius":"","single_page_content_boxed_radius":"","disable_featured_image":"","disable_post_tags":"","disable_author_box":"","disable_posts_navigation":"","disable_comments":"","disable_related_posts":"","disable_header":"","disable_footer":"","footnotes":""},"class_list":["post-3998","page","type-page","status-publish","hentry","rishi-post","no-post-thumbnail"],"_links":{"self":[{"href":"https:\/\/sstechs247.com\/hausin\/wp-json\/wp\/v2\/pages\/3998","targetHints":{"allow":["GET"]}}],"collection":[{"href":"https:\/\/sstechs247.com\/hausin\/wp-json\/wp\/v2\/pages"}],"about":[{"href":"https:\/\/sstechs247.com\/hausin\/wp-json\/wp\/v2\/types\/page"}],"author":[{"embeddable":true,"href":"https:\/\/sstechs247.com\/hausin\/wp-json\/wp\/v2\/users\/1"}],"replies":[{"embeddable":true,"href":"https:\/\/sstechs247.com\/hausin\/wp-json\/wp\/v2\/comments?post=3998"}],"version-history":[{"count":4,"href":"https:\/\/sstechs247.com\/hausin\/wp-json\/wp\/v2\/pages\/3998\/revisions"}],"predecessor-version":[{"id":4002,"href":"https:\/\/sstechs247.com\/hausin\/wp-json\/wp\/v2\/pages\/3998\/revisions\/4002"}],"wp:attachment":[{"href":"https:\/\/sstechs247.com\/hausin\/wp-json\/wp\/v2\/media?parent=3998"}],"curies":[{"name":"wp","href":"https:\/\/api.w.org\/{rel}","templated":true}]}}