{"id":3988,"date":"2025-04-09T15:32:58","date_gmt":"2025-04-09T15:32:58","guid":{"rendered":"https:\/\/sstechs247.com\/hausin\/?page_id=3988"},"modified":"2025-04-09T15:33:50","modified_gmt":"2025-04-09T15:33:50","slug":"hag-sondermodelle-gecko-design","status":"publish","type":"page","link":"https:\/\/sstechs247.com\/hausin\/hag-sondermodelle-gecko-design\/","title":{"rendered":"HAG Sondermodelle Gecko-Design"},"content":{"rendered":"\t\t<div data-elementor-type=\"wp-page\" data-elementor-id=\"3988\" class=\"elementor elementor-3988\">\n\t\t\t\t<div class=\"elementor-element elementor-element-5253433 e-flex e-con-boxed wpr-particle-no wpr-jarallax-no wpr-parallax-no wpr-sticky-section-no wpr-equal-height-no e-con e-parent\" data-id=\"5253433\" data-element_type=\"container\" data-e-type=\"container\" data-settings=\"{&quot;background_background&quot;:&quot;classic&quot;}\">\n\t\t\t\t\t<div class=\"e-con-inner\">\n\t\t<div class=\"elementor-element elementor-element-b3ad8bc e-con-full e-flex wpr-particle-no wpr-jarallax-no wpr-parallax-no wpr-sticky-section-no wpr-equal-height-no e-con e-child\" data-id=\"b3ad8bc\" data-element_type=\"container\" data-e-type=\"container\">\n\t\t\t\t<div class=\"elementor-element elementor-element-04e3b45 elementor-widget elementor-widget-heading\" data-id=\"04e3b45\" data-element_type=\"widget\" data-e-type=\"widget\" data-widget_type=\"heading.default\">\n\t\t\t\t<div class=\"elementor-widget-container\">\n\t\t\t\t\t<h1 class=\"elementor-heading-title elementor-size-default\">HAG Sondermodelle GECKO-Design<\/h1>\t\t\t\t<\/div>\n\t\t\t\t<\/div>\n\t\t\t\t<\/div>\n\t\t\t\t\t<\/div>\n\t\t\t\t<\/div>\n\t\t<div class=\"elementor-element elementor-element-feb1ed7 e-flex e-con-boxed wpr-particle-no wpr-jarallax-no wpr-parallax-no wpr-sticky-section-no wpr-equal-height-no e-con e-parent\" data-id=\"feb1ed7\" data-element_type=\"container\" data-e-type=\"container\">\n\t\t\t\t\t<div class=\"e-con-inner\">\n\t\t<div class=\"elementor-element elementor-element-1779df7 e-con-full e-flex wpr-particle-no wpr-jarallax-no wpr-parallax-no wpr-sticky-section-no wpr-equal-height-no e-con e-child\" data-id=\"1779df7\" data-element_type=\"container\" data-e-type=\"container\">\n\t\t<div class=\"elementor-element elementor-element-dcf64c6 e-con-full e-flex wpr-particle-no wpr-jarallax-no wpr-parallax-no wpr-sticky-section-no wpr-equal-height-no e-con e-child\" data-id=\"dcf64c6\" data-element_type=\"container\" data-e-type=\"container\">\n\t\t<div class=\"elementor-element elementor-element-8d84bc8 e-con-full e-flex wpr-particle-no wpr-jarallax-no wpr-parallax-no wpr-sticky-section-no wpr-equal-height-no e-con e-child\" data-id=\"8d84bc8\" data-element_type=\"container\" data-e-type=\"container\">\n\t\t\t\t<div class=\"elementor-element elementor-element-d9cd397 elementor-widget elementor-widget-text-editor\" data-id=\"d9cd397\" data-element_type=\"widget\" data-e-type=\"widget\" data-widget_type=\"text-editor.default\">\n\t\t\t\t<div class=\"elementor-widget-container\">\n\t\t\t\t\t\t\t\t\t<p class=\"style1 style4\">Hinter Gecko-Design steht steht der Grafiker Arthur Seitz. Turi ist ganz einfach ein Meister seines Fachs, er hat einen unverkennbaren Stil entwickelt, der unheimlich sch\u00f6n und ansprechend ist (siehe weiter unten).<\/p><table border=\"1\" width=\"400\"><tbody><tr><td class=\"style5\"><strong><a href=\"https:\/\/hausin.com\/roland\/hag_somo_gecko.htm#Weihnachtsloks2010\">HAG Weihnachtsloks 2010<\/a><\/strong><\/td><\/tr><tr><td class=\"style5\"><strong><a href=\"https:\/\/hausin.com\/roland\/hag_somo_gecko.htm#Schiebewandwagen\">Schiebewandwagen<\/a><\/strong><\/td><\/tr><tr><td class=\"style5\"><strong><a href=\"https:\/\/hausin.com\/roland\/hag_somo_gecko.htm#Tell\">Tell-Spiele Loks<\/a><\/strong><\/td><\/tr><tr><td class=\"style5\"><strong><a href=\"https:\/\/hausin.com\/roland\/hag_somo_gecko.htm#Themen\">Themen Loks<\/a><\/strong><\/td><\/tr><tr><td><strong class=\"style5\"><a href=\"https:\/\/hausin.com\/roland\/hag_somo_gecko.htm#Hausin-Family\">Hausin Family Lok<\/a><\/strong><\/td><\/tr><tr><td class=\"style5\"><a href=\"https:\/\/hausin.com\/roland\/hag_somo_gecko.htm#CP\"><strong>Umgemalte Loks<\/strong><\/a><\/td><\/tr><tr><td class=\"style5\"><a href=\"https:\/\/hausin.com\/roland\/hag_somo_gecko.htm#pabas\"><strong>pabas Loks<\/strong><\/a><\/td><\/tr><\/tbody><\/table><p class=\"style1 style4\">Turi ist schon sehr lange in diesem &#8220;Business&#8221; t\u00e4tig. Aus seiner &#8220;Feder&#8221; stammte schon das Design der (originalen) BLS Lok Re 465 Connecting Europe.<\/p><p class=\"style1 style4\">Re 465 Connecting Europe<\/p><p class=\"style1 style4\" align=\"center\"><img fetchpriority=\"high\" decoding=\"async\" src=\"https:\/\/hausin.com\/roland\/images\/H0%20full\/800\/Hag%20184%20Re%20465.11%20Alptransit.jpg\" width=\"800\" height=\"295\" \/><\/p><p class=\"style1 style4\">Re 465 Connecting Europe braun (Farbvariante, nur 2 Exemplare)<\/p><p class=\"style1 style4\" align=\"center\"><img decoding=\"async\" src=\"https:\/\/hausin.com\/roland\/images\/H0%20full\/800\/Hag%20184%20Re%20465%20Alptransit%20braun.JPG\" width=\"800\" height=\"336\" \/><\/p><p class=\"style1 style4\">Interessant in diesem Zusammenhang ist noch dies: obwohl das Copyright des Originaldesings (blau) bei Turi liegt, haben M\u00e4rklin, Roco, Kato und andere es kopiert. Er sieht das aber als Kompliment und nicht Designdiebstahl.<\/p><p class=\"style1 style4\">Er war als Grafiker von HAG M\u00f6rschwil ab 2007 zust\u00e4ndig f\u00fcr die Gestaltung aller Kataloge, HAG-Info-News und Inserate, sowie etliche Speziallokmodelle f\u00fcr Kunden (z.B. die Schiebewandwagen f\u00fcr HAG und HAG-Reisen).<\/p><p class=\"style1 style4\">\u00a0<\/p><p class=\"style5\"><strong><a name=\"Weihnachtsloks2010\"><\/a>HAG Weihnachtsloks 2010<\/strong><\/p><p class=\"style1 style4\">HAG hatte 2010 im Lager eine betr\u00e4chtliche \u00dcberproduktion an bedruckten Re 4\/4 II. Turi erhielt den Auftrag, zwei Loks zu gestalten wo solche Geh\u00e4use verwendet werden konnten. Daraus resultierten die beiden Weihnachtsloks 2010:<\/p><p class=\"style1 style4\" align=\"center\"><img decoding=\"async\" src=\"https:\/\/hausin.com\/roland\/images\/H0%20full\/800\/Hag%2016507%20Re%2044%20II%20HWH2010%20(2).jpg\" width=\"800\" height=\"388\" \/><\/p><p class=\"style1 style4\" align=\"center\"><img loading=\"lazy\" decoding=\"async\" src=\"https:\/\/hausin.com\/roland\/images\/H0%20full\/800\/Hag%2016508%20Re%2044%20II%20HWH2010%20(2).jpg\" width=\"800\" height=\"392\" \/><\/p><p class=\"style1 style4\" align=\"left\"><a name=\"Schiebewandwagen\"><\/a>Neben den oben erw\u00e4hnten Loks, war Turi auch f\u00fcr die beiden Wagen HAG 74040 Habils &#8220;65 Jahre HAG&#8221; und Fussball EM 2008 Wagen verantwortlich.<\/p><p class=\"style1 style4\" align=\"center\"><img loading=\"lazy\" decoding=\"async\" src=\"https:\/\/hausin.com\/roland\/images\/Wagen\/800\/HAG%2074040%20Habils%2065%20Jahre%20HAG%202009%20a.jpg\" width=\"800\" height=\"301\" \/><\/p><p class=\"style1 style4\" align=\"center\"><img loading=\"lazy\" decoding=\"async\" src=\"https:\/\/hausin.com\/roland\/images\/Wagen\/800\/HAG%2074040%20Habils%2065%20Jahre%20HAG%202009%20b.jpg\" width=\"800\" height=\"294\" \/><\/p><p class=\"style1 style4\" align=\"center\"><img loading=\"lazy\" decoding=\"async\" src=\"https:\/\/hausin.com\/roland\/images\/Wagen\/800\/HAG%2074043%20Habils%20Euro%202008.JPG\" width=\"800\" height=\"273\" \/><\/p><p class=\"style1 style4\" align=\"left\">Ab 2009 erstellte Turi auch die Wagen f\u00fcr HAG-Reisen. Hier mal diese, welche sich in der Hausin-Sammlung befinden;:<\/p><p class=\"style1 style4\" align=\"left\">HAG 74046 Habils.<\/p><p class=\"style1 style4\" align=\"center\"><img loading=\"lazy\" decoding=\"async\" src=\"https:\/\/hausin.com\/roland\/images\/Wagen\/800\/Hag%2074044%20HagReise_2010_1.jpg\" width=\"800\" height=\"252\" \/><\/p><p class=\"style1 style4\" align=\"center\"><img loading=\"lazy\" decoding=\"async\" src=\"https:\/\/hausin.com\/roland\/images\/Wagen\/800\/Hag%2074044%20HagReise_2010_2.jpg\" width=\"800\" height=\"220\" \/><\/p><p class=\"style1 style4\" align=\"center\"><img loading=\"lazy\" decoding=\"async\" src=\"https:\/\/hausin.com\/roland\/images\/Wagen\/800\/Hag_Reise_2009_75044-1.jpg\" width=\"800\" height=\"241\" \/><\/p><p>\u00a0<\/p><p class=\"style1 style4\"><a name=\"Tell\"><\/a><span class=\"style5\">F\u00fcr die\u00a0<strong>Tell-Spiele Interlaken<\/strong>\u00a0hat er drei Loks gestaltet.<br \/><\/span><\/p><p class=\"style5\">HAG 184.96 Re 465 Tellspiele I Prototyp (etwas matter Druck, Lok direkt von Turi \u00fcbernommen, es existieren nur 2 Modelle davon):<\/p><p class=\"style5\" align=\"center\"><a href=\"https:\/\/hausin.com\/roland\/images\/H0%20full\/HAG%20184.95%20Re%20460%20Tell%20I%201.JPG\"><img loading=\"lazy\" decoding=\"async\" src=\"https:\/\/hausin.com\/roland\/images\/H0%20full\/800\/HAG%20184.95%20Re%20460%20Tell%20I%201.JPG\" width=\"800\" height=\"332\" \/><\/a><\/p><p class=\"style5\" align=\"center\"><a href=\"https:\/\/hausin.com\/roland\/images\/H0%20full\/HAG%20184.95%20Re%20460%20Tell%20I%202.JPG\"><img loading=\"lazy\" decoding=\"async\" src=\"https:\/\/hausin.com\/roland\/images\/H0%20full\/800\/HAG%20184.95%20Re%20460%20Tell%20I%202.JPG\" width=\"800\" height=\"317\" \/><\/a><\/p><p class=\"style5\">HAG 184.95 Re 460 Tellspiele I Prototyp (Re 460 Geh\u00e4use, etwas matter Druck, Lok direkt von Turi \u00fcbernommen, es existieren nur 2 Modelle davon):<\/p><p class=\"style5\" align=\"center\"><a href=\"https:\/\/hausin.com\/roland\/images\/H0%20full\/Hag%20184%20Re%20465%20Tell%20Prototyp%20A.JPG\"><img loading=\"lazy\" decoding=\"async\" src=\"https:\/\/hausin.com\/roland\/images\/H0%20full\/800\/Hag%20184%20Re%20465%20Tell%20Prototyp%20A.JPG\" alt=\"\" width=\"800\" height=\"356\" \/><\/a><\/p><p class=\"style1 style4\">\u00a0<\/p><p class=\"style1 style4\"><span class=\"style5\">HAG 28518 Re 465 Tellspiele<\/span>\u00a0I<\/p><p class=\"style1 style4\" align=\"center\"><img loading=\"lazy\" decoding=\"async\" src=\"https:\/\/hausin.com\/roland\/images\/H0%20full\/800\/Hag%20184%20Re%20465%20Tell1.jpg\" width=\"800\" height=\"302\" \/><\/p><p class=\"style1 style4\"><span class=\"style5\">HAG 28524 Re 465 Tellspiele<\/span>\u00a0II<\/p><p class=\"style1 style4\" align=\"center\"><img loading=\"lazy\" decoding=\"async\" src=\"https:\/\/hausin.com\/roland\/images\/H0%20full\/800\/Hag%20184%20Re%20465%20Tell2-1.jpg\" width=\"800\" height=\"304\" \/><\/p><p class=\"style1 style4\">HAG S-28556 Re 465 Tellspiele III<\/p><p class=\"style1 style4\" align=\"center\"><a href=\"https:\/\/hausin.com\/roland\/images\/H0%20full\/HAG%20S-28556%20Re%20465%20Tell%20III.jpg\"><img loading=\"lazy\" decoding=\"async\" src=\"https:\/\/hausin.com\/roland\/images\/H0%20full\/800\/HAG%20S-28556%20Re%20465%20Tell%20III.jpg\" width=\"800\" height=\"363\" \/><\/a><\/p><p class=\"style1 style4\"><a name=\"Themen\"><\/a>Weitere Themen-Loks von Turi sind:<\/p><p class=\"style1 style4\">HAG S-28309 Re 460 Hans Erni blau (mit Zertifikat)<\/p><p class=\"style1 style4\" align=\"center\"><a href=\"https:\/\/hausin.com\/roland\/images\/H0%20full\/HAG%20S-28309%20Re%20460%20Pilatus%20Erni%20blau.jpg\"><img loading=\"lazy\" decoding=\"async\" src=\"https:\/\/hausin.com\/roland\/images\/H0%20full\/800\/HAG%20S-28309%20Re%20460%20Pilatus%20Erni%20blau.jpg\" width=\"800\" height=\"372\" border=\"0\" \/><\/a><\/p><p class=\"style1 style4\" align=\"center\"><img loading=\"lazy\" decoding=\"async\" src=\"https:\/\/hausin.com\/roland\/images\/H0%20full\/800\/GEKO%20Zertifikat%20Erni.jpg\" width=\"800\" height=\"310\" \/><\/p><p class=\"style1 style4\" align=\"center\"><img loading=\"lazy\" decoding=\"async\" src=\"https:\/\/hausin.com\/roland\/images\/H0%20full\/800\/GEKO%20Zertifikat%20Erni%20blau.jpg\" width=\"800\" height=\"310\" \/><\/p><p class=\"style1 style4\">HAG S-28310 Re 460 Hans Erni schwarz (mit Zertifikat)<\/p><p class=\"style1 style4\" align=\"center\"><a href=\"https:\/\/hausin.com\/roland\/images\/H0%20full\/HAG%20S-28310%20Re%20460%20Pilatus%20Erni%20schwarz.jpg\"><img loading=\"lazy\" decoding=\"async\" src=\"https:\/\/hausin.com\/roland\/images\/H0%20full\/800\/HAG%20S-28310%20Re%20460%20Pilatus%20Erni%20schwarz.jpg\" width=\"800\" height=\"337\" \/><\/a><\/p><p class=\"style1 style4\" align=\"center\"><img loading=\"lazy\" decoding=\"async\" src=\"https:\/\/hausin.com\/roland\/images\/H0%20full\/800\/GEKO%20Zertifikat%20Erni%20schwarz.jpg\" width=\"800\" height=\"310\" \/><\/p><p class=\"style1 style4\" align=\"left\">HAG S-28312 Re 460 Pilatus-Gerber weiss<\/p><p class=\"style1 style4\" align=\"center\"><a href=\"https:\/\/hausin.com\/roland\/images\/H0%20full\/HAG%20S-28312%20Re%20460%20Pilatus%20Gerber.jpg\"><img loading=\"lazy\" decoding=\"async\" src=\"https:\/\/hausin.com\/roland\/images\/H0%20full\/800\/HAG%20S-28312%20Re%20460%20Pilatus%20Gerber.jpg\" width=\"800\" height=\"373\" \/><\/a><\/p><p class=\"style1 style4\" align=\"left\">HAG S-28313 Re 460 Pilatus-Gerber schwarz<\/p><p class=\"style1 style4\" align=\"center\"><a href=\"https:\/\/hausin.com\/roland\/images\/H0%20full\/HAG%20S-28313%20Re%20460%20Pilatus%20Gerber.jpg\"><img loading=\"lazy\" decoding=\"async\" src=\"https:\/\/hausin.com\/roland\/images\/H0%20full\/800\/HAG%20S-28313%20Re%20460%20Pilatus%20Gerber.jpg\" width=\"800\" height=\"371\" \/><\/a><\/p><p class=\"style1 style4\" align=\"left\">Die beiden Pilatus \/ Gerber-Loks wurden mit einem Zertifikat ausgeliefert:<\/p><p class=\"style1 style4\" align=\"center\"><img loading=\"lazy\" decoding=\"async\" src=\"https:\/\/hausin.com\/roland\/images\/H0%20full\/800\/HAG%20S-28312%20Re%20460%20Gerber%20Zertifikat_M.jpg\" width=\"800\" height=\"569\" \/><\/p><p class=\"style1 style4\" align=\"left\">HAG S-28573 Re 465 Simplon (mit Zertifikat)<\/p><p class=\"style1 style4\" align=\"center\"><a href=\"https:\/\/hausin.com\/roland\/images\/H0%20full\/HAG%20GEKO%20S-28573%20Re%20465%20Simplon.JPG\"><img loading=\"lazy\" decoding=\"async\" src=\"https:\/\/hausin.com\/roland\/images\/H0%20full\/800\/HAG%20GECKO%20S-28573%20Re%20465%20Simplon.JPG\" width=\"800\" height=\"399\" \/><\/a><\/p><p class=\"style1 style4\" align=\"center\"><img loading=\"lazy\" decoding=\"async\" src=\"https:\/\/hausin.com\/roland\/images\/H0%20full\/800\/HAG%20S-28573%20GEKO%20Zertifikat%20Simplon.jpg\" width=\"800\" height=\"306\" \/><\/p><p class=\"style1 style4\" align=\"left\">\u00a0<\/p><p class=\"style1 style4\" align=\"left\">HAG S-28574 Re 465 Sempione (mit Zertifikat)<\/p><p class=\"style1 style4\" align=\"center\"><a href=\"https:\/\/hausin.com\/roland\/images\/H0%20full\/HAG%20GEKO%20S-28574%20Re%20465%20Sempione.JPG\"><img loading=\"lazy\" decoding=\"async\" src=\"https:\/\/hausin.com\/roland\/images\/H0%20full\/800\/HAG%20GECKO%20S-28574%20Re%20465%20Sempione.JPG\" width=\"800\" height=\"367\" \/><\/a><\/p><p class=\"style1 style4\" align=\"center\"><img loading=\"lazy\" decoding=\"async\" src=\"https:\/\/hausin.com\/roland\/images\/H0%20full\/800\/HAG%20S-28574%20GEKO%20Zertifikat%20Sempione.jpg\" width=\"800\" height=\"305\" \/><\/p><p class=\"style1 style4\" align=\"left\">HAG S-28575 Re 465 TEE (mit Zertifikat)<\/p><p class=\"style1 style4\" align=\"center\"><a href=\"https:\/\/hausin.com\/roland\/images\/H0%20full\/HAG%20GEKO%20S-28575%20TEE.JPG\"><img loading=\"lazy\" decoding=\"async\" src=\"https:\/\/hausin.com\/roland\/images\/H0%20full\/800\/HAG%20S-28575%20Geko%20TEE.JPG\" width=\"800\" height=\"358\" \/><\/a><\/p><p class=\"style1 style4\" align=\"center\"><a href=\"https:\/\/hausin.com\/roland\/images\/H0%20full\/HAG%20GEKO%20S-28575%20Zertifikat%20TEE.jpg\"><img loading=\"lazy\" decoding=\"async\" src=\"https:\/\/hausin.com\/roland\/images\/H0%20full\/800\/HAG%20S-28575%20Geko%20Zertifikat%20TEE.jpg\" width=\"800\" height=\"313\" \/><\/a><\/p><p class=\"style1 style4\" align=\"left\"><span class=\"style1 style4\">HAG S-28576 Re 465 Krokodil (mit Zertifikat)<\/span><\/p><p class=\"style1 style4\" align=\"center\"><a href=\"https:\/\/hausin.com\/roland\/images\/H0%20full\/HAG%20GEKO%20S-28576%20Re%20465%20Krokodil.JPG\"><img loading=\"lazy\" decoding=\"async\" src=\"https:\/\/hausin.com\/roland\/images\/H0%20full\/800\/HAG%20S-28576%20Geko%20Re%20465%20Krokodil.JPG\" width=\"800\" height=\"373\" \/><\/a><\/p><p class=\"style1 style4\" align=\"center\"><a href=\"https:\/\/hausin.com\/roland\/images\/H0%20full\/HAG%20GEKO%20S-28576%20Zertifikat%20Krokodil.jpg\"><img loading=\"lazy\" decoding=\"async\" src=\"https:\/\/hausin.com\/roland\/images\/H0%20full\/800\/HAG%20S-28576%20Geko%20Zertifikat%20Krokodil.jpg\" width=\"800\" height=\"317\" \/><\/a><\/p><p class=\"style1 style4\" align=\"center\">\u00a0<\/p><p class=\"style1 style4\" align=\"left\">HAG Gecko P-60016-31 Re 460 GIPR<\/p><p class=\"style1 style4\" align=\"center\"><img loading=\"lazy\" decoding=\"async\" src=\"https:\/\/hausin.com\/roland\/images\/H0%20full\/800\/HAG%20Gecko%20P-60016%20Re%20460%20GIPR.jpg\" width=\"800\" height=\"346\" \/><\/p><p class=\"style1 style4\" align=\"left\"><a name=\"Hausin-Family\"><\/a><strong>Hausin Family Lok<\/strong><\/p><p class=\"style1 style4\" align=\"left\">Als ganz spezieller Freundschaftsdienst brachte Turi auch die Hausin-Family-Lok zur &#8220;Produktionsreife&#8221; (ganz herzlichen Dank!)<\/p><p class=\"style1 style4\" align=\"center\"><img loading=\"lazy\" decoding=\"async\" src=\"https:\/\/hausin.com\/roland\/images\/H0%20full\/800\/HAG%20M-28100%20Re%20460%20Hausin1.JPG\" width=\"800\" height=\"366\" \/><\/p><p class=\"style1 style4\" align=\"left\">Daneben hat Turi auch noch zwei weitere Familien-Loks erstellt. Da sie aber nicht zur Hausin Sammlung geh\u00f6ren, werden hier keine Bilder ver\u00f6ffentlicht. Ebenso wurden von Turi weitere wundersch\u00f6ne Loks erstellt, z.B. die ganze WWF-Linie &#8211; wie die Re 4\/4 II Forest-Green und Ocean Blue, die Ae 6\/6 Bengal-Tiger und Rhino und die Re 6\/6 Galapagos und Madagaskar. Es sei hier einmal mehr auf die\u00a0<a href=\"http:\/\/trains.wipertech.ch\/Trains?CriteriaHAGModellNummer=&amp;CriteriaHAGModellNummerAlt=&amp;CriteriaFarbe=&amp;CriteriaFZTyp=&amp;CriteriaBetriebsnummer=&amp;CriteriaBeschreibung=seitz&amp;CriteriaEVU=\">HAG Produkte Datenbank<\/a>\u00a0verwiesen.<\/p><p class=\"style1 style4\" align=\"left\">\u00a0<\/p><p class=\"style1 style4\" align=\"left\"><strong><a name=\"CP\"><\/a>Umgemalte Loks:<\/strong><\/p><p class=\"style1 style4\" align=\"left\">Von Turi stammen auch die Designs f\u00fcr diverse weitere Loks, welche aber nicht zu den original HAG-Loks z\u00e4hlen. Denn eigentlich geh\u00f6ren diese zu den umgemalten Loks (<a href=\"https:\/\/hausin.com\/roland\/h0_custom_painted.htm\">custom painted<\/a>), z.B. von SOBA die Re 460 B\u00fchrer<\/p><p class=\"style1 style4\" align=\"center\"><img loading=\"lazy\" decoding=\"async\" src=\"https:\/\/hausin.com\/roland\/images\/H0%20full\/800\/HAG%20SOBA%20280.821%20Re%20460%20Buehrer.JPG\" width=\"800\" height=\"363\" \/><\/p><p class=\"style1 style4\" align=\"left\">oder die Re 460 Cleopatra<\/p><p class=\"style1 style4\" align=\"center\"><img loading=\"lazy\" decoding=\"async\" src=\"https:\/\/hausin.com\/roland\/images\/H0%20full\/800\/HAG%20SOBA%20280%20Re%20460%20Cleopatra.JPG\" width=\"800\" height=\"351\" \/><\/p><p class=\"style1 style4\" align=\"left\">Re 460 Swissair<\/p><p class=\"style1 style4\" align=\"center\"><img loading=\"lazy\" decoding=\"async\" src=\"https:\/\/hausin.com\/roland\/images\/H0%20full\/800\/HAG%20GEKO%2060003%20Re%20460%20Swissair%201.JPG\" alt=\"\" width=\"800\" height=\"394\" \/><\/p><p class=\"style1 style4\" align=\"center\">\u00a0<\/p><p class=\"style1 style4\" align=\"left\"><strong><a name=\"PABAS\"><\/a>pabas<\/strong><\/p><p class=\"style1 style4\">pabas steht f\u00fcr\u00a0<strong>P<\/strong>ier-<strong>A<\/strong>ngelo\u00a0<strong>B<\/strong>eretta\u00a0<strong>A<\/strong>rthur\u00a0<strong>S<\/strong>eitz. PAB war der Initiant\/Organisator, Arthur Seitz der Grafiker. Aus PABAS entstand dann GECKO-Design, denn Turi Seitz brauchte PAB ja wirklich nicht. Er ist &#8211; wie Figura zeigt &#8211; selbst Profi genug um seine Modelle selber zu entwickeln und direkt oder zusammen mit HAG\/Fachhandel zu vermarkten.<\/p><p class=\"style1 style4\">80001 Re 460 Dada:<\/p><p class=\"style1 style4\" align=\"center\"><img loading=\"lazy\" decoding=\"async\" src=\"https:\/\/hausin.com\/roland\/images\/H0%20full\/800\/PABAS%2080001%20Re%20460%20Dada.JPG\" width=\"800\" height=\"376\" \/><\/p><p class=\"style1 style4\">80003 Re 460 Verkehrshaus der Schweiz (VHS):<\/p><p class=\"style1 style4\" align=\"center\"><img loading=\"lazy\" decoding=\"async\" src=\"https:\/\/hausin.com\/roland\/images\/H0%20full\/800\/PABAS%2080003%20Re%20460%20VHS.JPG\" width=\"800\" height=\"347\" \/><\/p><p class=\"style1 style4\">80007 Re 460 Gotthard:<\/p><p class=\"style1 style4\" align=\"center\"><img loading=\"lazy\" decoding=\"async\" src=\"https:\/\/hausin.com\/roland\/images\/H0%20full\/800\/PABAS%20Re%20460%20Gottardo.JPG\" width=\"800\" height=\"349\" \/><\/p><p class=\"style1 style4\" align=\"center\"><img loading=\"lazy\" decoding=\"async\" src=\"https:\/\/hausin.com\/roland\/images\/H0%20full\/800\/PABAS%20Zertifikat%20Gotthard.jpg\" width=\"800\" height=\"310\" \/><\/p>\t\t\t\t\t\t\t\t<\/div>\n\t\t\t\t<\/div>\n\t\t\t\t<\/div>\n\t\t\t\t<\/div>\n\t\t\t\t<\/div>\n\t\t\t\t\t<\/div>\n\t\t\t\t<\/div>\n\t\t\t\t<\/div>\n\t\t","protected":false},"excerpt":{"rendered":"<p>HAG Sondermodelle GECKO-Design Hinter Gecko-Design steht steht der Grafiker Arthur Seitz. Turi ist ganz einfach ein Meister seines Fachs, er hat einen unverkennbaren Stil entwickelt, der unheimlich sch\u00f6n und ansprechend<\/p>\n","protected":false},"author":1,"featured_media":0,"parent":0,"menu_order":0,"comment_status":"closed","ping_status":"closed","template":"elementor_header_footer","meta":{"breadcrumbs_single_post":"","page_title_panel":"","breadcrumbs_single_page":"","single_page_alignment":"","single_page_margin":"","page_structure_type":"","content_style_source":"","content_style":"","blog_post_streched_ed":"","blog_page_streched_ed":"","has_transparent_header":"","disable_transparent_header":"","vertical_spacing_source":"","content_area_spacing":"","single_post_content_background":"","single_page_content_background":"","single_post_boxed_content_spacing":"","single_page_boxed_content_spacing":"","single_post_content_boxed_radius":"","single_page_content_boxed_radius":"","disable_featured_image":"","disable_post_tags":"","disable_author_box":"","disable_posts_navigation":"","disable_comments":"","disable_related_posts":"","disable_header":"","disable_footer":"","footnotes":""},"class_list":["post-3988","page","type-page","status-publish","hentry","rishi-post","no-post-thumbnail"],"_links":{"self":[{"href":"https:\/\/sstechs247.com\/hausin\/wp-json\/wp\/v2\/pages\/3988","targetHints":{"allow":["GET"]}}],"collection":[{"href":"https:\/\/sstechs247.com\/hausin\/wp-json\/wp\/v2\/pages"}],"about":[{"href":"https:\/\/sstechs247.com\/hausin\/wp-json\/wp\/v2\/types\/page"}],"author":[{"embeddable":true,"href":"https:\/\/sstechs247.com\/hausin\/wp-json\/wp\/v2\/users\/1"}],"replies":[{"embeddable":true,"href":"https:\/\/sstechs247.com\/hausin\/wp-json\/wp\/v2\/comments?post=3988"}],"version-history":[{"count":4,"href":"https:\/\/sstechs247.com\/hausin\/wp-json\/wp\/v2\/pages\/3988\/revisions"}],"predecessor-version":[{"id":3992,"href":"https:\/\/sstechs247.com\/hausin\/wp-json\/wp\/v2\/pages\/3988\/revisions\/3992"}],"wp:attachment":[{"href":"https:\/\/sstechs247.com\/hausin\/wp-json\/wp\/v2\/media?parent=3988"}],"curies":[{"name":"wp","href":"https:\/\/api.w.org\/{rel}","templated":true}]}}