{"id":3983,"date":"2025-04-09T15:31:48","date_gmt":"2025-04-09T15:31:48","guid":{"rendered":"https:\/\/sstechs247.com\/hausin\/?page_id=3983"},"modified":"2025-04-09T15:32:46","modified_gmt":"2025-04-09T15:32:46","slug":"hag-sondermodelle-eyro","status":"publish","type":"page","link":"https:\/\/sstechs247.com\/hausin\/hag-sondermodelle-eyro\/","title":{"rendered":"HAG Sondermodelle EYRO"},"content":{"rendered":"\t\t<div data-elementor-type=\"wp-page\" data-elementor-id=\"3983\" class=\"elementor elementor-3983\">\n\t\t\t\t<div class=\"elementor-element elementor-element-5253433 e-flex e-con-boxed wpr-particle-no wpr-jarallax-no wpr-parallax-no wpr-sticky-section-no wpr-equal-height-no e-con e-parent\" data-id=\"5253433\" data-element_type=\"container\" data-e-type=\"container\" data-settings=\"{&quot;background_background&quot;:&quot;classic&quot;}\">\n\t\t\t\t\t<div class=\"e-con-inner\">\n\t\t<div class=\"elementor-element elementor-element-b3ad8bc e-con-full e-flex wpr-particle-no wpr-jarallax-no wpr-parallax-no wpr-sticky-section-no wpr-equal-height-no e-con e-child\" data-id=\"b3ad8bc\" data-element_type=\"container\" data-e-type=\"container\">\n\t\t\t\t<div class=\"elementor-element elementor-element-04e3b45 elementor-widget elementor-widget-heading\" data-id=\"04e3b45\" data-element_type=\"widget\" data-e-type=\"widget\" data-widget_type=\"heading.default\">\n\t\t\t\t<div class=\"elementor-widget-container\">\n\t\t\t\t\t<h1 class=\"elementor-heading-title elementor-size-default\">HAG Sondermodelle EYRO<\/h1>\t\t\t\t<\/div>\n\t\t\t\t<\/div>\n\t\t\t\t<\/div>\n\t\t\t\t\t<\/div>\n\t\t\t\t<\/div>\n\t\t<div class=\"elementor-element elementor-element-feb1ed7 e-flex e-con-boxed wpr-particle-no wpr-jarallax-no wpr-parallax-no wpr-sticky-section-no wpr-equal-height-no e-con e-parent\" data-id=\"feb1ed7\" data-element_type=\"container\" data-e-type=\"container\">\n\t\t\t\t\t<div class=\"e-con-inner\">\n\t\t<div class=\"elementor-element elementor-element-1779df7 e-con-full e-flex wpr-particle-no wpr-jarallax-no wpr-parallax-no wpr-sticky-section-no wpr-equal-height-no e-con e-child\" data-id=\"1779df7\" data-element_type=\"container\" data-e-type=\"container\">\n\t\t<div class=\"elementor-element elementor-element-dcf64c6 e-con-full e-flex wpr-particle-no wpr-jarallax-no wpr-parallax-no wpr-sticky-section-no wpr-equal-height-no e-con e-child\" data-id=\"dcf64c6\" data-element_type=\"container\" data-e-type=\"container\">\n\t\t<div class=\"elementor-element elementor-element-8d84bc8 e-con-full e-flex wpr-particle-no wpr-jarallax-no wpr-parallax-no wpr-sticky-section-no wpr-equal-height-no e-con e-child\" data-id=\"8d84bc8\" data-element_type=\"container\" data-e-type=\"container\">\n\t\t\t\t<div class=\"elementor-element elementor-element-d9cd397 elementor-widget elementor-widget-text-editor\" data-id=\"d9cd397\" data-element_type=\"widget\" data-e-type=\"widget\" data-widget_type=\"text-editor.default\">\n\t\t\t\t<div class=\"elementor-widget-container\">\n\t\t\t\t\t\t\t\t\t<p class=\"style1 style4\">EYRO Modellbahn GmbH in Interlaken l\u00e4sst bei HAG von Zeit zu Zeit Kleinserien von Sondermodellen (mehrheitlich BLS-Modelle) herstellen. Christian Eymann &#8211; einer der beiden initiativen Eigent\u00fcmer von EYRO hat mich in den &#8220;erlauchten Kreis&#8221; der Sondermodellbez\u00fcger aufgenommen, so dass es m\u00f6glich ist, diese Modelle in die Hausin Sammlung aufzunehmen.<\/p><p class=\"style1 style4\">Das erste Sondermodell von EYRO in der Hausin-Sammlung war die rote HAG Re 460 Aare (Art. Nr. 28022) &#8211; mit Faiveley Panthos! (zum ersten Mal bei einem Modell umgesetzt). Hergestellt wurde eine 25-er Serie\u00a0<a href=\"http:\/\/trains.wipertech.ch\/Trains\/Details\/455?CriteriaHAGModellNummer=28022\">(Link zur HAG Produkte-Datenbank<\/a>):<\/p><p class=\"style1 style4\" align=\"center\"><img fetchpriority=\"high\" decoding=\"async\" src=\"https:\/\/hausin.com\/roland\/images\/H0%20full\/800\/Hag%2028022%20Re%20460%20Aare.JPG\" width=\"800\" height=\"317\" \/><\/p><p class=\"style1 style4\">Sp\u00e4ter ersteigerte sich Roland die Schwesterlok (HAG Re 460 Wankdorf &#8211; 28023) von Ulrich Hammel &#8211; aber das endete in einem Betrugsfall. Hammel verschickte statt der Loks nur B\u00fcndel mit Altpapier &#8230; Die Lok ist noch immer verschwunden. F\u00fcr sachdienliche Hinweise bitte melden. In der Zwischenzeit konnte aber nochmals eine Re 460 Wankdorf gefunden werden\u00a0<a href=\"http:\/\/trains.wipertech.ch\/Trains\/Details\/455?CriteriaHAGModellNummer=28023\">(Link zur HAG Produkte-Datenbank<\/a>):<\/p><p class=\"style1 style4\" align=\"center\"><img decoding=\"async\" src=\"https:\/\/hausin.com\/roland\/images\/H0%20full\/800\/HAG%2028023%20Re%20460%20Wankdorf.JPG\" width=\"800\" height=\"353\" \/><\/p><p class=\"style1 style4\">EYRO beauftragte HAG zur Erstellung der BLS-Loks mit den richtigen Logo&#8217;s (HAG hatte bis dann meist nur Loks mit altem Logo ausgeliefert). Zuerst war die Re 465 Centovalli mit Artikelnummer S-28546\u00a0<a href=\"http:\/\/trains.wipertech.ch\/Trains?CriteriaHAGModellNummer=S-28546&amp;CriteriaHAGModellNummerAlt=&amp;CriteriaFarbe=&amp;CriteriaFZTyp=&amp;CriteriaBetriebsnummer=&amp;CriteriaBeschreibung=&amp;CriteriaEVU=\">(Link zur HAG Produkte-Datenbank<\/a>):<\/p><p class=\"style1 style4\" align=\"center\"><img decoding=\"async\" src=\"https:\/\/hausin.com\/roland\/images\/H0%20full\/800\/HAG%20S-28546%20Re%20465%20Centovalli.JPG\" width=\"800\" height=\"392\" \/><\/p><p class=\"style1 style4\">Die n\u00e4chste war die Re 465 Schilthorn (Artikelnummer S-28547) &#8211; die fehlte lange in der Hausin Sammlung &#8211;\u00a0<a href=\"http:\/\/trains.wipertech.ch\/Trains\/Details\/1070?CriteriaHAGModellNummer=s-28547\">(Link zur HAG Produkte-Datenbank<\/a>):<\/p><p class=\"style1 style4\" align=\"center\"><img loading=\"lazy\" decoding=\"async\" src=\"https:\/\/hausin.com\/roland\/images\/H0%20full\/800\/HAG%20S-28547%20Re%20465%20Schilthorn.jpg\" width=\"800\" height=\"362\" \/><\/p><p class=\"style1 style4\">Es folgte die Re 465 Eurotunnel (Artikelnummer S-28548), Auflage: 20 Exemplare (<a href=\"http:\/\/trains.wipertech.ch\/Trains\/Details\/1071?CriteriaHAGModellNummer=S-28548\">Link zur HAG Produkte-Datenbank<\/a>):<\/p><p class=\"style1 style4\" align=\"center\"><img loading=\"lazy\" decoding=\"async\" src=\"https:\/\/hausin.com\/roland\/images\/H0%20full\/800\/HAG%20S-28548%20Re%20465%20Eurotunnel.JPG\" width=\"800\" height=\"388\" \/><\/p><p class=\"style1 style4\">Danach die Re 465 Mont Vully (Artikelnummer S-28549), Auflage: 25 Exemplare (<a href=\"http:\/\/trains.wipertech.ch\/Trains\/Details\/1071?CriteriaHAGModellNummer=S-28549\">Link zur HAG Produkte-Datenbank<\/a>):<\/p><p class=\"style1 style4\" align=\"center\"><img loading=\"lazy\" decoding=\"async\" src=\"https:\/\/hausin.com\/roland\/images\/H0%20full\/800\/HAG%20S-28549%20Re%20465%20Mont%20Vully.JPG\" width=\"800\" height=\"386\" \/><\/p><p class=\"style1 style4\">Dann die Re 465 Wisenberg (Artikelnummer S-28550), Auflage 25 Exemplare (<a href=\"http:\/\/trains.wipertech.ch\/Trains\/Details\/3411?CriteriaHAGModellNummer=S-2855\">Link zur HAG Produkte-Datenbank<\/a>):<\/p><p class=\"style1 style4\" align=\"center\"><img loading=\"lazy\" decoding=\"async\" src=\"https:\/\/hausin.com\/roland\/images\/H0%20full\/800\/HAG%20S-28550%20Re%20465%20Wisenberg.JPG\" width=\"800\" height=\"344\" \/><\/p><p class=\"style1 style4\">Dann die Re 465 Gornergrat (Artikelnummer S-28551), Auflage 25 Exemplare (<a href=\"http:\/\/trains.wipertech.ch\/Trains\/Details\/2293?setRefferrerUrl=False\">Link zur HAG Produkte-Datenbank<\/a>):<\/p><p class=\"style1 style4\" align=\"center\"><img loading=\"lazy\" decoding=\"async\" src=\"https:\/\/hausin.com\/roland\/images\/H0%20full\/800\/HAG%20S-28551%20Re%20465%20Gornergrat.JPG\" width=\"800\" height=\"396\" \/><\/p><p class=\"style1 style4\">Dann die Re 465 Stockhorn (Artikelnummer S-28552) als 25-er Serie (<a href=\"http:\/\/trains.wipertech.ch\/Trains\/Details\/2194?CriteriaHAGModellNummer=S-2855\">Link zur HAG Produkte-Datenbank<\/a>):<\/p><p class=\"style1 style4\" align=\"center\"><img loading=\"lazy\" decoding=\"async\" src=\"https:\/\/hausin.com\/roland\/images\/H0%20full\/800\/HAG%20S-28552%20Re%20465%20Stockhorn.JPG\" width=\"800\" height=\"323\" \/><\/p><p class=\"style1 style4\">Die n\u00e4chste war die Re 465 Spalenberg (Artikelnummer S-28553) Auflage ebenfalls 25 Exemplare (<a href=\"http:\/\/trains.wipertech.ch\/Trains\/Details\/2170?CriteriaHAGModellNummer=S-2855\">Link zur HAG Produkte-Datenbank<\/a>):<\/p><p class=\"style1 style4\" align=\"center\"><img loading=\"lazy\" decoding=\"async\" src=\"https:\/\/hausin.com\/roland\/images\/H0%20full\/800\/HAG%20S-28553%20Re%20460%20Spalenberg.jpg\" width=\"800\" height=\"359\" \/><\/p><p class=\"style1 style4\">Dann folgte die Re 465 Brienzer Rothorn (Artikelnummer S-28554), auch als 25-er Serie (<a href=\"http:\/\/trains.wipertech.ch\/Trains\/Details\/2195?CriteriaHAGModellNummer=S-2855\">Link zur HAG Produkte-Datenbank<\/a>):<\/p><p class=\"style1 style4\" align=\"center\"><img loading=\"lazy\" decoding=\"async\" src=\"https:\/\/hausin.com\/roland\/images\/H0%20full\/800\/HAG%20S-28554%20Re%20465%20Brienzer%20Rothorn.JPG\" width=\"800\" height=\"358\" \/><\/p><p class=\"style1 style4\">Dann die Re 465 Vue des Alpes (Artikelnummer S-28557) als 25-er Serie (<a href=\"http:\/\/trains.wipertech.ch\/Trains\/Details\/2294?CriteriaHAGModellNummer=S-2855\">Link zur HAG Produkte-Datenbank<\/a>):<\/p><p class=\"style1 style4\" align=\"center\"><img loading=\"lazy\" decoding=\"async\" src=\"https:\/\/hausin.com\/roland\/images\/H0%20full\/800\/HAG%20S-28557%20Re%20465%20Vue%20des%20Alpes.JPG\" width=\"800\" height=\"412\" \/><\/p><p class=\"style1 style4\">Dann die Re 465 Schrattenflue (Artikelnummer S-28558) als 25-er Serie (<a href=\"http:\/\/trains.wipertech.ch\/Trains\/Details\/3412?CriteriaHAGModellNummer=28558\">Link zur HAG Produkte-Datenbank<\/a>):<\/p><p class=\"style1 style4\" align=\"center\"><img loading=\"lazy\" decoding=\"async\" src=\"https:\/\/hausin.com\/roland\/images\/H0%20full\/800\/HAG%20S-28558%20Re%20465%20Schrattenflue.JPG\" width=\"800\" height=\"353\" \/><\/p><p class=\"style1 style4\">Dann die Re 465 Jungfraujoch (Artikelnummer S-28559) als 15-er Serie (<a href=\"http:\/\/trains.wipertech.ch\/Trains\/Details\/2371?CriteriaHAGModellNummer=28559\">Link zur HAG Produkte-Datenbank<\/a>):<\/p><p class=\"style1 style4\" align=\"center\"><img loading=\"lazy\" decoding=\"async\" src=\"https:\/\/hausin.com\/roland\/images\/H0%20full\/800\/HAG%20S-28559%20Re%20460%20Jungfraujoch.JPG\" width=\"800\" height=\"361\" \/><\/p><p class=\"style1 style4\">Dann die Re 465 Niesen (Artikelnummer S-28560) als 15-er Serie (<a href=\"http:\/\/trains.wipertech.ch\/Trains\/Details\/2372?CriteriaHAGModellNummer=S-2856\">Link zur HAG Produkte-Datenbank<\/a>):<\/p><p class=\"style1 style4\" align=\"center\"><img loading=\"lazy\" decoding=\"async\" src=\"https:\/\/hausin.com\/roland\/images\/H0%20full\/800\/HAG%20S-28560%20Re%20465%20Niesen.JPG\" width=\"800\" height=\"385\" \/><\/p><p class=\"style1 style4\">Dann die Re 465 Lauchernalp (Artikelnummer S-28561) als 25-er Serie (<a href=\"http:\/\/trains.wipertech.ch\/Trains\/Details\/2399?setRefferrerUrl=False\">Link zur HAG Produkte-Datenbank<\/a>):<\/p><p class=\"style1 style4\" align=\"center\"><img loading=\"lazy\" decoding=\"async\" src=\"https:\/\/hausin.com\/roland\/images\/H0%20full\/800\/HAG%20S-28561%20Re%20465%20Lauchernalp.JPG\" width=\"800\" height=\"352\" \/><\/p><p class=\"style1 style4\">Und noch die Re 465 Napf (Artikelnummer S-28562) als 25-er Serie (<a href=\"http:\/\/trains.wipertech.ch\/Trains\/Details\/2400?setRefferrerUrl=False\">Link zur HAG Produkte-Datenbank<\/a>):<\/p><p class=\"style1 style4\" align=\"center\"><img loading=\"lazy\" decoding=\"async\" src=\"https:\/\/hausin.com\/roland\/images\/H0%20full\/800\/HAG%20S-28562%20Re%20465%20Napf.JPG\" width=\"800\" height=\"363\" \/><\/p><p class=\"style1 style4\" align=\"left\">F\u00fcr ganz treue EYRO-Kunden wurde eine Kleinstauflage der restlichen 3 Loks der obigen Serie mit dem neuen BLS-Logo von je 6 Exemplaren hergestellt (Artikelnummern S-28563, S-28564, S-28565). Nicht dass ich mich zu dieser Gruppe z\u00e4hlen darf, aber ich hatte das Gl\u00fcck, dass ich mir wenigstens die 2. Wahl Modelle (wo aber der Grund f\u00fcr die 2. Wahl ist, haben wir bis jetzt nicht eruieren k\u00f6nnen &#8230;) sichern konnte. Es sind dies die Modelle der Re 465\u00a0<a href=\"http:\/\/trains.wipertech.ch\/Trains\/Details\/3422?setRefferrerUrl=False\">Simplon<\/a>,\u00a0<a href=\"http:\/\/trains.wipertech.ch\/Trains\/Details\/3423?CriteriaBeschreibung=Saas\">Saas-Fe<\/a>\u00a0und<a href=\"http:\/\/trains.wipertech.ch\/Trains\/Details\/3424?CriteriaBeschreibung=Niederhorn\">\u00a0Niederhorn<\/a>:<\/p><p class=\"style1 style4\" align=\"center\"><img loading=\"lazy\" decoding=\"async\" src=\"https:\/\/hausin.com\/roland\/images\/H0%20full\/800\/HAG%20S-28563%20Re%20465%20Simplon%20EYRO.JPG\" width=\"800\" height=\"338\" \/><\/p><p class=\"style1 style4\" align=\"center\"><img loading=\"lazy\" decoding=\"async\" src=\"https:\/\/hausin.com\/roland\/images\/H0%20full\/800\/HAG%20S-28564%20Re%20465%20Saas-Fe%20EYRO.JPG\" width=\"800\" height=\"341\" \/><\/p><p class=\"style1 style4\" align=\"center\"><img loading=\"lazy\" decoding=\"async\" src=\"https:\/\/hausin.com\/roland\/images\/H0%20full\/800\/HAG%20S-28565%20Re%20465%20Niederhorn%20EYRO.JPG\" width=\"800\" height=\"343\" \/><\/p><p class=\"style1 style4\" align=\"left\">Zum 10-Jahr Jubil\u00e4um des L\u00f6tschberg Basis Tunnels brachte die BLS eine eigene Werbe-Lok auf die Schienen. EYRO Modellbahn GmbH liess eine 25-er Vorserie bei HAG produzieren (mit speziell bedrucker Schachtel) und konnte diese termingerecht zur Taufe ausliefern (<a href=\"http:\/\/trains.wipertech.ch\/Trains\/Details\/3417?CriteriaBeschreibung=l%C3%B6tschberg%20basis\">Link zur HAG Produkte Datenbank<\/a>). Eine Serienproduktion von HAG folgt.<\/p><p class=\"style1 style4\" align=\"center\"><img loading=\"lazy\" decoding=\"async\" src=\"https:\/\/hausin.com\/roland\/images\/H0%20full\/800\/HAG%20S-28700%20Re%20465%20LBT%20Vorserie.JPG\" width=\"800\" height=\"394\" \/><\/p><p class=\"style1 style4\" align=\"center\"><img loading=\"lazy\" decoding=\"async\" src=\"https:\/\/hausin.com\/roland\/images\/H0%20full\/800\/HAG%20S-28700%20Re%20465%20LBT%20Karton.JPG\" width=\"800\" height=\"339\" \/><\/p><p class=\"style1 style4\" align=\"left\">EYRO Modellbahnen gab bei HAG weitere Sonderserien in Auftrag. Anfangs M\u00e4rz 2018 folgte die Railcare Lok Re 465 Cat&#8217;s Eye (Artikerlnummer S-28572). Die Serie umfasst 25 Exemplare (<a href=\"http:\/\/trains.wipertech.ch\/Trains\/Details\/3465?CriteriaBeschreibung=cat\">Link zur HAG Produkte Datenbank<\/a>)<\/p><p class=\"style1 style4\" align=\"center\"><img loading=\"lazy\" decoding=\"async\" src=\"https:\/\/hausin.com\/roland\/images\/H0%20full\/800\/HAG%20S-28572%20Re%20465%20Cats%20Eye.JPG\" width=\"800\" height=\"358\" \/><\/p><p class=\"style1 style4\" align=\"left\">Mitte M\u00e4rz 18 folgten mit Artikelnummer S-28569 die Black Pearl (<a href=\"http:\/\/trains.wipertech.ch\/Trains\/Details\/3466?CriteriaHAGModellNummer=28569\">Link zur HAG Produkte Datenbank<\/a>) und mit S-28570 die Pink Panther\u00a0<a href=\"http:\/\/trains.wipertech.ch\/Trains\/Details\/3467?CriteriaHAGModellNummer=28570\">(Link zur HAG Produkte Datenbank<\/a>)<\/p><p class=\"style1 style4\" align=\"center\"><img loading=\"lazy\" decoding=\"async\" src=\"https:\/\/hausin.com\/roland\/images\/H0%20full\/800\/HAG%20S-28569%20Re%20465%20Black%20Pearl.JPG\" width=\"800\" height=\"351\" \/><\/p><p class=\"style1 style4\" align=\"center\"><img loading=\"lazy\" decoding=\"async\" src=\"https:\/\/hausin.com\/roland\/images\/H0%20full\/800\/HAG%20S-28570%20Re%20465%20Pink%20Panther.JPG\" width=\"800\" height=\"336\" \/><\/p><p class=\"style1 style4\" align=\"left\">Ende M\u00e4rz 18 folgte mit Artikelnummer S-28571 auch noch die vierte im Bunde, die Flash Fire (<a href=\"http:\/\/trains.wipertech.ch\/Trains\/Details\/3469?CriteriaBeschreibung=Flash\">Link zur HAG Produkte Datenbank<\/a>)<\/p><p class=\"style1 style4\" align=\"center\"><img loading=\"lazy\" decoding=\"async\" src=\"https:\/\/hausin.com\/roland\/images\/H0%20full\/800\/HAG%20S-28571%20Re%20465%20Flash%20Fire.JPG\" width=\"800\" height=\"330\" \/><\/p><p><span class=\"style1 style4\">Anfangs November folgte ein Paket von 4 Refit-Maschinen, es sind dies die L\u00f6wenberg, eine ohne Loknamen, die Napf und die Helvetia.<\/span><\/p><p align=\"center\"><img loading=\"lazy\" decoding=\"async\" src=\"https:\/\/hausin.com\/roland\/images\/H0%20full\/800\/HAG%2028025%20Re%20460%20Loewenberg.JPG\" width=\"800\" height=\"353\" \/><\/p><p align=\"center\"><img loading=\"lazy\" decoding=\"async\" src=\"https:\/\/hausin.com\/roland\/images\/H0%20full\/800\/HAG%2028026%20Re%20460%20Refit.JPG\" width=\"800\" height=\"379\" \/><\/p><p align=\"center\"><img loading=\"lazy\" decoding=\"async\" src=\"https:\/\/hausin.com\/roland\/images\/H0%20full\/800\/HAG%2028027%20Re%20460%20Napf.JPG\" width=\"800\" height=\"371\" \/><\/p><p align=\"center\"><img loading=\"lazy\" decoding=\"async\" src=\"https:\/\/hausin.com\/roland\/images\/H0%20full\/800\/HAG%2028028%20Re%20460%20Helvetia.JPG\" width=\"800\" height=\"364\" \/><\/p>\t\t\t\t\t\t\t\t<\/div>\n\t\t\t\t<\/div>\n\t\t\t\t<\/div>\n\t\t\t\t<\/div>\n\t\t\t\t<\/div>\n\t\t\t\t\t<\/div>\n\t\t\t\t<\/div>\n\t\t\t\t<\/div>\n\t\t","protected":false},"excerpt":{"rendered":"<p>HAG Sondermodelle EYRO EYRO Modellbahn GmbH in Interlaken l\u00e4sst bei HAG von Zeit zu Zeit Kleinserien von Sondermodellen (mehrheitlich BLS-Modelle) herstellen. Christian Eymann &#8211; einer der beiden initiativen Eigent\u00fcmer von<\/p>\n","protected":false},"author":1,"featured_media":0,"parent":0,"menu_order":0,"comment_status":"closed","ping_status":"closed","template":"elementor_header_footer","meta":{"breadcrumbs_single_post":"","page_title_panel":"","breadcrumbs_single_page":"","single_page_alignment":"","single_page_margin":"","page_structure_type":"","content_style_source":"","content_style":"","blog_post_streched_ed":"","blog_page_streched_ed":"","has_transparent_header":"","disable_transparent_header":"","vertical_spacing_source":"","content_area_spacing":"","single_post_content_background":"","single_page_content_background":"","single_post_boxed_content_spacing":"","single_page_boxed_content_spacing":"","single_post_content_boxed_radius":"","single_page_content_boxed_radius":"","disable_featured_image":"","disable_post_tags":"","disable_author_box":"","disable_posts_navigation":"","disable_comments":"","disable_related_posts":"","disable_header":"","disable_footer":"","footnotes":""},"class_list":["post-3983","page","type-page","status-publish","hentry","rishi-post","no-post-thumbnail"],"_links":{"self":[{"href":"https:\/\/sstechs247.com\/hausin\/wp-json\/wp\/v2\/pages\/3983","targetHints":{"allow":["GET"]}}],"collection":[{"href":"https:\/\/sstechs247.com\/hausin\/wp-json\/wp\/v2\/pages"}],"about":[{"href":"https:\/\/sstechs247.com\/hausin\/wp-json\/wp\/v2\/types\/page"}],"author":[{"embeddable":true,"href":"https:\/\/sstechs247.com\/hausin\/wp-json\/wp\/v2\/users\/1"}],"replies":[{"embeddable":true,"href":"https:\/\/sstechs247.com\/hausin\/wp-json\/wp\/v2\/comments?post=3983"}],"version-history":[{"count":4,"href":"https:\/\/sstechs247.com\/hausin\/wp-json\/wp\/v2\/pages\/3983\/revisions"}],"predecessor-version":[{"id":3987,"href":"https:\/\/sstechs247.com\/hausin\/wp-json\/wp\/v2\/pages\/3983\/revisions\/3987"}],"wp:attachment":[{"href":"https:\/\/sstechs247.com\/hausin\/wp-json\/wp\/v2\/media?parent=3983"}],"curies":[{"name":"wp","href":"https:\/\/api.w.org\/{rel}","templated":true}]}}