{"id":3943,"date":"2025-04-09T15:20:07","date_gmt":"2025-04-09T15:20:07","guid":{"rendered":"https:\/\/sstechs247.com\/hausin\/?page_id=3943"},"modified":"2025-04-09T15:20:57","modified_gmt":"2025-04-09T15:20:57","slug":"hag-loks-golden-pass-serie","status":"publish","type":"page","link":"https:\/\/sstechs247.com\/hausin\/hag-loks-golden-pass-serie\/","title":{"rendered":"HAG Loks Golden Pass Serie"},"content":{"rendered":"\t\t<div data-elementor-type=\"wp-page\" data-elementor-id=\"3943\" class=\"elementor elementor-3943\">\n\t\t\t\t<div class=\"elementor-element elementor-element-5253433 e-flex e-con-boxed wpr-particle-no wpr-jarallax-no wpr-parallax-no wpr-sticky-section-no wpr-equal-height-no e-con e-parent\" data-id=\"5253433\" data-element_type=\"container\" data-e-type=\"container\" data-settings=\"{&quot;background_background&quot;:&quot;classic&quot;}\">\n\t\t\t\t\t<div class=\"e-con-inner\">\n\t\t<div class=\"elementor-element elementor-element-b3ad8bc e-con-full e-flex wpr-particle-no wpr-jarallax-no wpr-parallax-no wpr-sticky-section-no wpr-equal-height-no e-con e-child\" data-id=\"b3ad8bc\" data-element_type=\"container\" data-e-type=\"container\">\n\t\t\t\t<div class=\"elementor-element elementor-element-04e3b45 elementor-widget elementor-widget-heading\" data-id=\"04e3b45\" data-element_type=\"widget\" data-e-type=\"widget\" data-widget_type=\"heading.default\">\n\t\t\t\t<div class=\"elementor-widget-container\">\n\t\t\t\t\t<h1 class=\"elementor-heading-title elementor-size-default\">Gesuchte Lokmodelle Spur H0<\/h1>\t\t\t\t<\/div>\n\t\t\t\t<\/div>\n\t\t\t\t<\/div>\n\t\t\t\t\t<\/div>\n\t\t\t\t<\/div>\n\t\t<div class=\"elementor-element elementor-element-feb1ed7 e-flex e-con-boxed wpr-particle-no wpr-jarallax-no wpr-parallax-no wpr-sticky-section-no wpr-equal-height-no e-con e-parent\" data-id=\"feb1ed7\" data-element_type=\"container\" data-e-type=\"container\">\n\t\t\t\t\t<div class=\"e-con-inner\">\n\t\t<div class=\"elementor-element elementor-element-1779df7 e-con-full e-flex wpr-particle-no wpr-jarallax-no wpr-parallax-no wpr-sticky-section-no wpr-equal-height-no e-con e-child\" data-id=\"1779df7\" data-element_type=\"container\" data-e-type=\"container\">\n\t\t<div class=\"elementor-element elementor-element-dcf64c6 e-con-full e-flex wpr-particle-no wpr-jarallax-no wpr-parallax-no wpr-sticky-section-no wpr-equal-height-no e-con e-child\" data-id=\"dcf64c6\" data-element_type=\"container\" data-e-type=\"container\">\n\t\t<div class=\"elementor-element elementor-element-8d84bc8 e-con-full e-flex wpr-particle-no wpr-jarallax-no wpr-parallax-no wpr-sticky-section-no wpr-equal-height-no e-con e-child\" data-id=\"8d84bc8\" data-element_type=\"container\" data-e-type=\"container\">\n\t\t\t\t<div class=\"elementor-element elementor-element-d9cd397 elementor-widget elementor-widget-text-editor\" data-id=\"d9cd397\" data-element_type=\"widget\" data-e-type=\"widget\" data-widget_type=\"text-editor.default\">\n\t\t\t\t<div class=\"elementor-widget-container\">\n\t\t\t\t\t\t\t\t\t<p class=\"style1 style4\">Hag produzierte ein wundersch\u00f6nes Modell der Re 465: die Golden Pass Line.<\/p><p class=\"style1 style4\" align=\"center\"><img fetchpriority=\"high\" decoding=\"async\" src=\"https:\/\/hausin.com\/roland\/images\/H0%20full\/Hag%20184%20Re%20465%20Golden%20Pass%20blau.JPG\" width=\"800\" height=\"319\" \/><\/p><p class=\"style1 style4\">Davon gab es dann eine absolute &#8220;Spezial-Version&#8221; wobei statt der blauen Grundfarbe braun gew\u00e4hlt wurde. Ein solches ausgesprochen seltenes Exemplar (es gab &#8211; vermutlich ein sogenanntes &#8220;Feierabendmodell&#8221; &#8211; nur deren 2 davon!) ist dieses hier unten abgebildete.<br \/><br \/>Zu dieser Lok gibt es noch eine kleine, lustige Story am Rande: Vor einiger Zeit trafen sich ein paar Hag-Enthusiasten zu einem gem\u00fctlichen Nachmittag. Bei dieser Gelegenheit wurden auch diverse Prospekte und einige wenige Hag-Loks &#8211; nat\u00fcrlich nicht gerade 08-15-Modelle &#8211; aufgelegt. Da sich zu dieser Zeit noch keine GoldenPass Lok in der Hausin-Sammlung befand, stiess diese Lok nat\u00fcrlich auf ein enormes Interesse. Gut, der Preis erschien schon etwas hoch, aber eine solche Prachtslok geh\u00f6rte doch einfach in die Hausin-Sammlung! Dass da aber eine absolute Rarit\u00e4t den Besitzer wechselte, wurde erst hinterher realisiert &#8230;. Die Freude an diesem Modell war dann nat\u00fcrlich umso gr\u00f6sser!<\/p><p class=\"style1 style4\" align=\"center\"><img decoding=\"async\" src=\"https:\/\/hausin.com\/roland\/images\/H0%20full\/Hag%20184%20Re%20465%20Golden%20Pass%20braun.jpg\" width=\"800\" height=\"297\" \/><\/p><p class=\"style1 style4\">J\u00fcrg Obi und Andr\u00e9 Germanier initierten 2009 eine weitere Golden Pass Re 465, welche hervorragend zu den regul\u00e4r im Handel erh\u00e4ltlichen Golden Pass Line Wagen passt. Herausgekommen ist dieses wundersch\u00f6ne Modell:<\/p><p class=\"style1 style4\" align=\"center\"><img decoding=\"async\" src=\"https:\/\/hausin.com\/roland\/images\/H0%20full\/Hag%2028531%20Re%20465%20GoldenPass2.jpg\" width=\"800\" height=\"312\" \/><\/p><p class=\"style1 style4\" align=\"left\">Es wurde mit Hag vereinbart, dass maximal 100 Exemplare davon verkauft werden. In der Hausin Sammlung befindet sich Lok Nummer 6 aus der ersten Serie von 50 St\u00fcck.<\/p><p class=\"style1 style4\" align=\"left\">Zus\u00e4tzlich wurde eine kleine Serie von 5 St\u00fcck in einer braunen Farbvariante hergestellt. Die Lok in der Hausin Sammlung tr\u00e4gt die Nummer 26\/50:<\/p><p class=\"style1 style4\" align=\"center\"><img loading=\"lazy\" decoding=\"async\" src=\"https:\/\/hausin.com\/roland\/images\/H0%20full\/800\/Hag%2028531%20Re%20465%20GoldenPass2%20braun.JPG\" width=\"800\" height=\"329\" \/><\/p><p class=\"style1 style4\" align=\"left\">Im M\u00e4rz 2010 folgte dann die zweite Serie der 50 St\u00fcck, wiederum von 1 bis 50 numeriert. Hier befindet sich Nr. 6\/50. Im Unterschied zur ersten Serie erhielt die Lok den Namen (Thunersee &#8211; Beatenberg -) Niederhorn und die Lok-Nummer 008-1.<\/p><p class=\"style1 style4\" align=\"center\"><img loading=\"lazy\" decoding=\"async\" src=\"https:\/\/hausin.com\/roland\/images\/H0%20full\/Hag%20184%20Re%20465%20GoldenPass%202%202.jpg\" width=\"800\" height=\"313\" \/><\/p><p class=\"style1 style4\" align=\"left\">Zwei &#8220;Spinner&#8221; &#8211; 3 x darf geraten werden, wer das ist &#8211; liessen dann noch gleichzeitig Farb-Varianten blau &#8211; rot &#8211; gr\u00fcn produzieren. Davon gibt es jeweils 8 St\u00fcck.<\/p><p class=\"style1 style4\" align=\"center\"><img loading=\"lazy\" decoding=\"async\" src=\"https:\/\/hausin.com\/roland\/images\/H0%20full\/Hag%20184%20Re%20465%20Goldenpass%202%20blau.jpg\" width=\"800\" height=\"304\" \/><\/p><p class=\"style1 style4\" align=\"center\"><img loading=\"lazy\" decoding=\"async\" src=\"https:\/\/hausin.com\/roland\/images\/H0%20full\/Hag%20184%20Re%20465%20Goldenpass%202%20rot.jpg\" width=\"800\" height=\"306\" \/><\/p><p class=\"style1 style4\" align=\"center\"><img loading=\"lazy\" decoding=\"async\" src=\"https:\/\/hausin.com\/roland\/images\/H0%20full\/Hag%20184%20Re%20465%20Goldenpass%202%20gruen.jpg\" width=\"800\" height=\"298\" \/><\/p><p class=\"style1 style4\" align=\"left\">Zu dieser Serie geh\u00f6rt auch noch ein Unikat. Die schwarzen Loks sind ja alle matt-schwarz gesprizt. Das Unikat ist ebenfalls eine schwarze, aber diesemal glanz-schwarz:<\/p><p class=\"style1 style4\" align=\"center\"><img loading=\"lazy\" decoding=\"async\" src=\"https:\/\/hausin.com\/roland\/images\/H0%20full\/800\/Hag%20184%20Re%20465%20Golden%20Pass%202%20glanzschwarz.JPG\" width=\"800\" height=\"386\" \/><\/p><p class=\"style1 style4\" align=\"center\">\u00a0<\/p><p class=\"style1 style4\">Im 2011 legte Hag die blaue GoldenPass Re 465 der ersten Serie nochmals neu auf. Der Unterschied zur ersten Serie ist das neue BLS-Logo. Und wiederum gab&#8217;s da zwei &#8211; bereits oben erw\u00e4hnte &#8211; &#8220;Enthusiasten&#8221;, welche wiederum vier Farbvarianten produzieren liessen. Diese Loks wurden im Juli 2011 ausgeliefert. Es wurden nur kleine Serien (3 x 10 St\u00fcck und 1 x 15) produziert, dank Andi befindet sich jeweils Nummer 6 in der Sammlung. Es kann sicher unbestrittenermassen festgehalten werden, dass hier mal wieder ein ganz grosser &#8220;Wurf&#8221;von Sondermodellen gelungen ist, speziell zu beachten ist die &#8220;inverse&#8221; Variante (Bild 4).<\/p><p class=\"style1 style4\" align=\"center\"><img loading=\"lazy\" decoding=\"async\" src=\"https:\/\/hausin.com\/roland\/images\/H0%20full\/800\/Hag%20184%20Re%20465%20GoldenPass3%20rot.JPG\" width=\"800\" height=\"333\" align=\"absmiddle\" \/><\/p><p class=\"style1 style4\" align=\"center\"><img loading=\"lazy\" decoding=\"async\" src=\"https:\/\/hausin.com\/roland\/images\/H0%20full\/800\/Hag%20184%20Re%20465%20GoldenPass3%20schwarz.JPG\" width=\"800\" height=\"324\" \/><\/p><p class=\"style1 style4\" align=\"center\"><img loading=\"lazy\" decoding=\"async\" src=\"https:\/\/hausin.com\/roland\/images\/H0%20full\/800\/Hag%20184%20Re%20465%20GoldenPass3%20anthrazit%20weiss.JPG\" width=\"800\" height=\"320\" \/><\/p><p class=\"style1 style4\" align=\"center\"><img loading=\"lazy\" decoding=\"async\" src=\"https:\/\/hausin.com\/roland\/images\/H0%20full\/800\/Hag%20184%20Re%20465%20GoldenPass3%20%20gold%20weiss.JPG\" width=\"800\" height=\"335\" \/><\/p><p class=\"style1 style4\" align=\"left\">Auch hier stammt der GoldenPass Traktor aus der &#8220;K\u00e4serei Richenthal&#8221;. Sonja stellte diesen Traktor her:<\/p><p class=\"style1 style4\" align=\"center\"><img loading=\"lazy\" decoding=\"async\" src=\"https:\/\/hausin.com\/roland\/images\/H0%20full\/800\/HAG%20131%20Te%202-2%20GoldenPass.JPG\" width=\"800\" height=\"720\" \/><\/p><p class=\"style1 style4\" align=\"center\">\u00a0<\/p><p class=\"style1 style4\" align=\"left\">HAG stellte auch die GoldenPasswagen 740 und 742 (A resp. B) her<\/p><p class=\"style1 style4\" align=\"center\"><img loading=\"lazy\" decoding=\"async\" src=\"https:\/\/hausin.com\/roland\/images\/Wagen\/800\/Hag%20742%20PW%20A%20GoldenPass.jpg\" width=\"800\" height=\"190\" \/><\/p><p class=\"style1 style4\" align=\"center\"><img loading=\"lazy\" decoding=\"async\" src=\"https:\/\/hausin.com\/roland\/images\/Wagen\/800\/Hag%20740%20GoldenPass%20B.jpg\" width=\"800\" height=\"190\" \/><\/p>\t\t\t\t\t\t\t\t<\/div>\n\t\t\t\t<\/div>\n\t\t\t\t<\/div>\n\t\t\t\t<\/div>\n\t\t\t\t<\/div>\n\t\t\t\t\t<\/div>\n\t\t\t\t<\/div>\n\t\t\t\t<\/div>\n\t\t","protected":false},"excerpt":{"rendered":"<p>Gesuchte Lokmodelle Spur H0 Hag produzierte ein wundersch\u00f6nes Modell der Re 465: die Golden Pass Line. Davon gab es dann eine absolute &#8220;Spezial-Version&#8221; wobei statt der blauen Grundfarbe braun gew\u00e4hlt<\/p>\n","protected":false},"author":1,"featured_media":0,"parent":0,"menu_order":0,"comment_status":"closed","ping_status":"closed","template":"elementor_header_footer","meta":{"breadcrumbs_single_post":"","page_title_panel":"","breadcrumbs_single_page":"","single_page_alignment":"","single_page_margin":"","page_structure_type":"","content_style_source":"","content_style":"","blog_post_streched_ed":"","blog_page_streched_ed":"","has_transparent_header":"","disable_transparent_header":"","vertical_spacing_source":"","content_area_spacing":"","single_post_content_background":"","single_page_content_background":"","single_post_boxed_content_spacing":"","single_page_boxed_content_spacing":"","single_post_content_boxed_radius":"","single_page_content_boxed_radius":"","disable_featured_image":"","disable_post_tags":"","disable_author_box":"","disable_posts_navigation":"","disable_comments":"","disable_related_posts":"","disable_header":"","disable_footer":"","footnotes":""},"class_list":["post-3943","page","type-page","status-publish","hentry","rishi-post","no-post-thumbnail"],"_links":{"self":[{"href":"https:\/\/sstechs247.com\/hausin\/wp-json\/wp\/v2\/pages\/3943","targetHints":{"allow":["GET"]}}],"collection":[{"href":"https:\/\/sstechs247.com\/hausin\/wp-json\/wp\/v2\/pages"}],"about":[{"href":"https:\/\/sstechs247.com\/hausin\/wp-json\/wp\/v2\/types\/page"}],"author":[{"embeddable":true,"href":"https:\/\/sstechs247.com\/hausin\/wp-json\/wp\/v2\/users\/1"}],"replies":[{"embeddable":true,"href":"https:\/\/sstechs247.com\/hausin\/wp-json\/wp\/v2\/comments?post=3943"}],"version-history":[{"count":4,"href":"https:\/\/sstechs247.com\/hausin\/wp-json\/wp\/v2\/pages\/3943\/revisions"}],"predecessor-version":[{"id":3947,"href":"https:\/\/sstechs247.com\/hausin\/wp-json\/wp\/v2\/pages\/3943\/revisions\/3947"}],"wp:attachment":[{"href":"https:\/\/sstechs247.com\/hausin\/wp-json\/wp\/v2\/media?parent=3943"}],"curies":[{"name":"wp","href":"https:\/\/api.w.org\/{rel}","templated":true}]}}